{"id":29,"date":"2016-11-30T10:00:12","date_gmt":"2016-11-30T09:00:12","guid":{"rendered":"https:\/\/mahlwerk.ch\/webseite\/?page_id=29"},"modified":"2026-02-14T10:02:06","modified_gmt":"2026-02-14T09:02:06","slug":"wissenswertes","status":"publish","type":"page","link":"https:\/\/www.mahlwerk.ch\/fr\/wissenswertes\/","title":{"rendered":"Ce qu'il faut savoir"},"content":{"rendered":"<style type=\"text\/css\" data-created_by=\"avia_inline_auto\" id=\"style-css-av-38jbd-32928caa4e41e5b7ba9685550037f998\">\n#top .av-special-heading.av-38jbd-32928caa4e41e5b7ba9685550037f998{\npadding-bottom:20px;\n}\nbody .av-special-heading.av-38jbd-32928caa4e41e5b7ba9685550037f998 .av-special-heading-tag .heading-char{\nfont-size:25px;\n}\n.av-special-heading.av-38jbd-32928caa4e41e5b7ba9685550037f998 .av-subheading{\nfont-size:15px;\n}\n<\/style>\n<div  class='av-special-heading av-38jbd-32928caa4e41e5b7ba9685550037f998 av-special-heading-h1 blockquote modern-quote  avia-builder-el-0  el_before_av_two_third  avia-builder-el-first'><h1 class='av-special-heading-tag'  itemprop=\"headline\"  >Ce qu'il faut savoir<\/h1><div class=\"special-heading-border\"><div class=\"special-heading-inner-border\"><\/div><\/div><\/div>\n\n<style type=\"text\/css\" data-created_by=\"avia_inline_auto\" id=\"style-css-av-a0ft-f1ab9cb354fc8c7f7b1f7f446644d549\">\n.flex_column.av-a0ft-f1ab9cb354fc8c7f7b1f7f446644d549{\nborder-radius:0px 0px 0px 0px;\npadding:0px 0px 0px 0px;\n}\n<\/style>\n<div  class='flex_column av-a0ft-f1ab9cb354fc8c7f7b1f7f446644d549 av_two_third  avia-builder-el-1  el_after_av_heading  el_before_av_one_third  first flex_column_div av-zero-column-padding'     ><section  class='av_textblock_section av-2btrp-73254e69dc4229bf5eb40d13531e0aee'   itemscope=\"itemscope\" itemtype=\"https:\/\/schema.org\/CreativeWork\" ><div class='avia_textblock'  itemprop=\"text\" ><p>Pourquoi un <a href=\"https:\/\/www.mahlwerk.ch\/fr\/wissenswertes\/keramikmahlwerk\/\">Broyeur en c\u00e9ramique<\/a> \u00e0 privil\u00e9gier ?<\/p>\n<p>Comment <a href=\"https:\/\/www.mahlwerk.ch\/fr\/wissenswertes\/reinigung\/\">nettoyer<\/a> J'ai un moulin \u00e0 \u00e9pices ?<\/p>\n<p>Quelle est la diff\u00e9rence entre le <a href=\"https:\/\/www.mahlwerk.ch\/fr\/wissenswertes\/gewuerze\/\">les diff\u00e9rents types de poivre<\/a>?<\/p>\n<p>Comment puis-je reconna\u00eetre <a href=\"https:\/\/www.mahlwerk.ch\/fr\/wissenswertes\/gewuerze\/\">Poivre de haute qualit\u00e9<\/a>?<\/p>\n<\/div><\/section><\/div>\n<style type=\"text\/css\" data-created_by=\"avia_inline_auto\" id=\"style-css-av-1i8vl-4423d95031664bd6e69c9e6f324dd384\">\n.flex_column.av-1i8vl-4423d95031664bd6e69c9e6f324dd384{\nborder-radius:0px 0px 0px 0px;\npadding:0px 0px 0px 0px;\n}\n<\/style>\n<div  class='flex_column av-1i8vl-4423d95031664bd6e69c9e6f324dd384 av_one_third  avia-builder-el-3  el_after_av_two_third  avia-builder-el-last  flex_column_div av-zero-column-padding'     ><style type=\"text\/css\" data-created_by=\"avia_inline_auto\" id=\"style-css-av-qiyl-30b83cd40a5a59a2c7125c3563b9d06c\">\n.avia-image-container.av-qiyl-30b83cd40a5a59a2c7125c3563b9d06c img.avia_image{\nbox-shadow:none;\n}\n.avia-image-container.av-qiyl-30b83cd40a5a59a2c7125c3563b9d06c .av-image-caption-overlay-center{\ncolor:#ffffff;\n}\n<\/style>\n<div  class='avia-image-container av-qiyl-30b83cd40a5a59a2c7125c3563b9d06c av-styling- avia-align-center  avia-builder-el-4  avia-builder-el-no-sibling'   itemprop=\"image\" itemscope=\"itemscope\" itemtype=\"https:\/\/schema.org\/ImageObject\" ><div class=\"avia-image-container-inner\"><div class=\"avia-image-overlay-wrap\"><img decoding=\"async\" fetchpriority=\"high\" class='wp-image-147 avia-img-lazy-loading-not-147 avia_image' src=\"https:\/\/www.mahlwerk.ch\/webseite\/wp-content\/uploads\/2016\/12\/keramikmuehle-zwei-liegend-1030x1030.jpg\" alt='' title='meuleuse de c\u00e9ramique \u00e0 deux \u00e9tages'  height=\"1030\" width=\"1030\"  itemprop=\"thumbnailUrl\" srcset=\"https:\/\/www.mahlwerk.ch\/webseite\/wp-content\/uploads\/2016\/12\/keramikmuehle-zwei-liegend-1030x1030.jpg 1030w, https:\/\/www.mahlwerk.ch\/webseite\/wp-content\/uploads\/2016\/12\/keramikmuehle-zwei-liegend-scaled-800x800.jpg 800w, https:\/\/www.mahlwerk.ch\/webseite\/wp-content\/uploads\/2016\/12\/keramikmuehle-zwei-liegend-100x100.jpg 100w, https:\/\/www.mahlwerk.ch\/webseite\/wp-content\/uploads\/2016\/12\/keramikmuehle-zwei-liegend-80x80.jpg 80w, https:\/\/www.mahlwerk.ch\/webseite\/wp-content\/uploads\/2016\/12\/keramikmuehle-zwei-liegend-300x300.jpg 300w, https:\/\/www.mahlwerk.ch\/webseite\/wp-content\/uploads\/2016\/12\/keramikmuehle-zwei-liegend-768x768.jpg 768w, https:\/\/www.mahlwerk.ch\/webseite\/wp-content\/uploads\/2016\/12\/keramikmuehle-zwei-liegend-36x36.jpg 36w, https:\/\/www.mahlwerk.ch\/webseite\/wp-content\/uploads\/2016\/12\/keramikmuehle-zwei-liegend-180x180.jpg 180w, https:\/\/www.mahlwerk.ch\/webseite\/wp-content\/uploads\/2016\/12\/keramikmuehle-zwei-liegend-1500x1500.jpg 1500w, https:\/\/www.mahlwerk.ch\/webseite\/wp-content\/uploads\/2016\/12\/keramikmuehle-zwei-liegend-705x705.jpg 705w, https:\/\/www.mahlwerk.ch\/webseite\/wp-content\/uploads\/2016\/12\/keramikmuehle-zwei-liegend-450x450.jpg 450w\" sizes=\"(max-width: 1030px) 100vw, 1030px\" \/><\/div><\/div><\/div><\/div><\/p>","protected":false},"excerpt":{"rendered":"","protected":false},"author":1,"featured_media":0,"parent":0,"menu_order":0,"comment_status":"closed","ping_status":"closed","template":"","meta":{"footnotes":""},"class_list":["post-29","page","type-page","status-publish","hentry"],"yoast_head":"<!-- This site is optimized with the Yoast SEO plugin v27.5 - https:\/\/yoast.com\/product\/yoast-seo-wordpress\/ -->\n<title>Wissenswertes - Mahlwerk<\/title>\n<meta name=\"description\" content=\"Hier finden Sie Wissenswertes \u00fcber Mahlwerke, Gew\u00fcrzm\u00fchlen, deren Reinigung, die Gew\u00fcrze an sich und vieles mehr.\" \/>\n<meta name=\"robots\" content=\"index, follow, max-snippet:-1, max-image-preview:large, max-video-preview:-1\" \/>\n<link rel=\"canonical\" href=\"https:\/\/www.mahlwerk.ch\/fr\/wissenswertes\/\" \/>\n<meta property=\"og:locale\" content=\"fr_FR\" \/>\n<meta property=\"og:type\" content=\"article\" \/>\n<meta property=\"og:title\" content=\"Wissenswertes - Mahlwerk\" \/>\n<meta property=\"og:description\" content=\"Hier finden Sie Wissenswertes \u00fcber Mahlwerke, Gew\u00fcrzm\u00fchlen, deren Reinigung, die Gew\u00fcrze an sich und vieles mehr.\" \/>\n<meta property=\"og:url\" content=\"https:\/\/www.mahlwerk.ch\/fr\/wissenswertes\/\" \/>\n<meta property=\"og:site_name\" content=\"Keramikm\u00fchlen von Mahlwerk\" \/>\n<meta property=\"article:modified_time\" content=\"2026-02-14T09:02:06+00:00\" \/>\n<meta name=\"twitter:card\" content=\"summary_large_image\" \/>\n<meta name=\"twitter:label1\" content=\"Dur\u00e9e de lecture estim\u00e9e\" \/>\n\t<meta name=\"twitter:data1\" content=\"1 minute\" \/>\n<script type=\"application\/ld+json\" class=\"yoast-schema-graph\">{\"@context\":\"https:\\\/\\\/schema.org\",\"@graph\":[{\"@type\":\"WebPage\",\"@id\":\"https:\\\/\\\/www.mahlwerk.ch\\\/wissenswertes\\\/\",\"url\":\"https:\\\/\\\/www.mahlwerk.ch\\\/wissenswertes\\\/\",\"name\":\"Wissenswertes - Mahlwerk\",\"isPartOf\":{\"@id\":\"https:\\\/\\\/www.mahlwerk.ch\\\/#website\"},\"datePublished\":\"2016-11-30T09:00:12+00:00\",\"dateModified\":\"2026-02-14T09:02:06+00:00\",\"description\":\"Hier finden Sie Wissenswertes \u00fcber Mahlwerke, Gew\u00fcrzm\u00fchlen, deren Reinigung, die Gew\u00fcrze an sich und vieles mehr.\",\"breadcrumb\":{\"@id\":\"https:\\\/\\\/www.mahlwerk.ch\\\/wissenswertes\\\/#breadcrumb\"},\"inLanguage\":\"fr-FR\",\"potentialAction\":[{\"@type\":\"ReadAction\",\"target\":[\"https:\\\/\\\/www.mahlwerk.ch\\\/wissenswertes\\\/\"]}]},{\"@type\":\"BreadcrumbList\",\"@id\":\"https:\\\/\\\/www.mahlwerk.ch\\\/wissenswertes\\\/#breadcrumb\",\"itemListElement\":[{\"@type\":\"ListItem\",\"position\":1,\"name\":\"Startseite\",\"item\":\"https:\\\/\\\/www.mahlwerk.ch\\\/keramikmahlwerk\\\/\"},{\"@type\":\"ListItem\",\"position\":2,\"name\":\"Wissenswertes\"}]},{\"@type\":\"WebSite\",\"@id\":\"https:\\\/\\\/www.mahlwerk.ch\\\/#website\",\"url\":\"https:\\\/\\\/www.mahlwerk.ch\\\/\",\"name\":\"Keramikm\u00fchlen f\u00fcr Pfeffer und Gew\u00fcrze aus der Schweiz\",\"description\":\"Pfefferm\u00fchlen aus schweizer Massivholz\",\"alternateName\":\"Hochwertige Pfefferm\u00fchlen mit Keramikmahlwerk\",\"potentialAction\":[{\"@type\":\"SearchAction\",\"target\":{\"@type\":\"EntryPoint\",\"urlTemplate\":\"https:\\\/\\\/www.mahlwerk.ch\\\/?s={search_term_string}\"},\"query-input\":{\"@type\":\"PropertyValueSpecification\",\"valueRequired\":true,\"valueName\":\"search_term_string\"}}],\"inLanguage\":\"fr-FR\"}]}<\/script>\n<!-- \/ Yoast SEO plugin. -->","yoast_head_json":{"title":"Ce qu'il faut savoir - Grinder","description":"Vous trouverez ici des informations int\u00e9ressantes sur les moulins \u00e0 grains, les moulins \u00e0 \u00e9pices, leur nettoyage, les \u00e9pices elles-m\u00eames et bien plus encore.","robots":{"index":"index","follow":"follow","max-snippet":"max-snippet:-1","max-image-preview":"max-image-preview:large","max-video-preview":"max-video-preview:-1"},"canonical":"https:\/\/www.mahlwerk.ch\/fr\/wissenswertes\/","og_locale":"fr_FR","og_type":"article","og_title":"Wissenswertes - Mahlwerk","og_description":"Hier finden Sie Wissenswertes \u00fcber Mahlwerke, Gew\u00fcrzm\u00fchlen, deren Reinigung, die Gew\u00fcrze an sich und vieles mehr.","og_url":"https:\/\/www.mahlwerk.ch\/fr\/wissenswertes\/","og_site_name":"Keramikm\u00fchlen von Mahlwerk","article_modified_time":"2026-02-14T09:02:06+00:00","twitter_card":"summary_large_image","twitter_misc":{"Dur\u00e9e de lecture estim\u00e9e":"1 minute"},"schema":{"@context":"https:\/\/schema.org","@graph":[{"@type":"WebPage","@id":"https:\/\/www.mahlwerk.ch\/wissenswertes\/","url":"https:\/\/www.mahlwerk.ch\/wissenswertes\/","name":"Ce qu'il faut savoir - Grinder","isPartOf":{"@id":"https:\/\/www.mahlwerk.ch\/#website"},"datePublished":"2016-11-30T09:00:12+00:00","dateModified":"2026-02-14T09:02:06+00:00","description":"Vous trouverez ici des informations int\u00e9ressantes sur les moulins \u00e0 grains, les moulins \u00e0 \u00e9pices, leur nettoyage, les \u00e9pices elles-m\u00eames et bien plus encore.","breadcrumb":{"@id":"https:\/\/www.mahlwerk.ch\/wissenswertes\/#breadcrumb"},"inLanguage":"fr-FR","potentialAction":[{"@type":"ReadAction","target":["https:\/\/www.mahlwerk.ch\/wissenswertes\/"]}]},{"@type":"BreadcrumbList","@id":"https:\/\/www.mahlwerk.ch\/wissenswertes\/#breadcrumb","itemListElement":[{"@type":"ListItem","position":1,"name":"Startseite","item":"https:\/\/www.mahlwerk.ch\/keramikmahlwerk\/"},{"@type":"ListItem","position":2,"name":"Wissenswertes"}]},{"@type":"WebSite","@id":"https:\/\/www.mahlwerk.ch\/#website","url":"https:\/\/www.mahlwerk.ch\/","name":"Keramikm\u00fchlen f\u00fcr Pfeffer und Gew\u00fcrze aus der Schweiz","description":"Pfefferm\u00fchlen aus schweizer Massivholz","alternateName":"Hochwertige Pfefferm\u00fchlen mit Keramikmahlwerk","potentialAction":[{"@type":"SearchAction","target":{"@type":"EntryPoint","urlTemplate":"https:\/\/www.mahlwerk.ch\/?s={search_term_string}"},"query-input":{"@type":"PropertyValueSpecification","valueRequired":true,"valueName":"search_term_string"}}],"inLanguage":"fr-FR"}]}},"_links":{"self":[{"href":"https:\/\/www.mahlwerk.ch\/fr\/wp-json\/wp\/v2\/pages\/29","targetHints":{"allow":["GET"]}}],"collection":[{"href":"https:\/\/www.mahlwerk.ch\/fr\/wp-json\/wp\/v2\/pages"}],"about":[{"href":"https:\/\/www.mahlwerk.ch\/fr\/wp-json\/wp\/v2\/types\/page"}],"author":[{"embeddable":true,"href":"https:\/\/www.mahlwerk.ch\/fr\/wp-json\/wp\/v2\/users\/1"}],"replies":[{"embeddable":true,"href":"https:\/\/www.mahlwerk.ch\/fr\/wp-json\/wp\/v2\/comments?post=29"}],"version-history":[{"count":3,"href":"https:\/\/www.mahlwerk.ch\/fr\/wp-json\/wp\/v2\/pages\/29\/revisions"}],"predecessor-version":[{"id":9668,"href":"https:\/\/www.mahlwerk.ch\/fr\/wp-json\/wp\/v2\/pages\/29\/revisions\/9668"}],"wp:attachment":[{"href":"https:\/\/www.mahlwerk.ch\/fr\/wp-json\/wp\/v2\/media?parent=29"}],"curies":[{"name":"wp","href":"https:\/\/api.w.org\/{rel}","templated":true}]}}