{"id":72,"date":"2016-11-30T10:52:40","date_gmt":"2016-11-30T09:52:40","guid":{"rendered":"https:\/\/mahlwerk.ch\/webseite\/?page_id=72"},"modified":"2023-09-04T10:44:36","modified_gmt":"2023-09-04T08:44:36","slug":"impressum","status":"publish","type":"page","link":"https:\/\/www.mahlwerk.ch\/fr\/impressum\/","title":{"rendered":"Mentions l\u00e9gales"},"content":{"rendered":"<style type=\"text\/css\" data-created_by=\"avia_inline_auto\" id=\"style-css-av-243sk-9354fece630db3d97b09b10cf9980459\">\n.flex_column.av-243sk-9354fece630db3d97b09b10cf9980459{\nborder-radius:0px 0px 0px 0px;\npadding:0px 0px 0px 0px;\n}\n<\/style>\n<div  class='flex_column av-243sk-9354fece630db3d97b09b10cf9980459 av_two_third  avia-builder-el-0  el_before_av_one_third  avia-builder-el-first  first flex_column_div av-zero-column-padding'     ><p>\n<style type=\"text\/css\" data-created_by=\"avia_inline_auto\" id=\"style-css-av-sa9k-ce9775d29903577a738dfe5f7e7b27ff\">\n#top .av-special-heading.av-sa9k-ce9775d29903577a738dfe5f7e7b27ff{\npadding-bottom:20px;\n}\nbody .av-special-heading.av-sa9k-ce9775d29903577a738dfe5f7e7b27ff .av-special-heading-tag .heading-char{\nfont-size:25px;\n}\n.av-special-heading.av-sa9k-ce9775d29903577a738dfe5f7e7b27ff .av-subheading{\nfont-size:15px;\n}\n<\/style>\n<div  class='av-special-heading av-sa9k-ce9775d29903577a738dfe5f7e7b27ff av-special-heading-h1 blockquote modern-quote  avia-builder-el-1  el_before_av_textblock  avia-builder-el-first'><h1 class='av-special-heading-tag'  itemprop=\"headline\"  >Mentions l\u00e9gales<\/h1><div class=\"special-heading-border\"><div class=\"special-heading-inner-border\"><\/div><\/div><\/div><br \/>\n<section  class='av_textblock_section av-1ksks-776a0981177e52bb6282d8870aa4ac64'   itemscope=\"itemscope\" itemtype=\"https:\/\/schema.org\/CreativeWork\" ><div class='avia_textblock'  itemprop=\"text\" ><h2>Adresse de contact<\/h2>\n<p>Spruchreif GmbH<br \/>\nR\u00fcsseckstrasse 3<br \/>\n4800 Zofingen<br \/>\nSuisse<br \/>\n&#x6b;&#x6f;&#x6e;&#x74;&#x61;&#x6b;&#x74;&#64;&#115;&#112;&#114;&#117;chre&#x69;&#x66;&#x2e;&#x63;&#x68;<\/p>\n<h2>Avis de non-responsabilit\u00e9<\/h2>\n<p>L'auteur n'assume aucune responsabilit\u00e9 quant \u00e0 l'exactitude, la pr\u00e9cision, l'actualit\u00e9, la fiabilit\u00e9 et l'exhaustivit\u00e9 des informations.<\/p>\n<p>Les r\u00e9clamations en responsabilit\u00e9 concernant des dommages caus\u00e9s par l'utilisation de toute information fournie, y compris tout type d'information incompl\u00e8te ou incorrecte, seront donc rejet\u00e9es.<\/p>\n<p>Toutes les offres sont sans engagement. L'auteur se r\u00e9serve express\u00e9ment le droit de modifier, de compl\u00e9ter ou de supprimer des parties des pages ou l'ensemble de l'offre sans annonce s\u00e9par\u00e9e ou de cesser temporairement ou d\u00e9finitivement la publication.<\/p>\n<h2>Responsabilit\u00e9 pour les liens<\/h2>\n<p>Les r\u00e9f\u00e9rences et les liens vers des sites Web de tiers ne rel\u00e8vent pas de notre domaine de responsabilit\u00e9 et nous d\u00e9clinons toute responsabilit\u00e9 pour ces sites. L'acc\u00e8s \u00e0 ces sites et leur utilisation se font aux risques et p\u00e9rils de l'utilisateur.<\/p>\n<h2>Copyright<\/h2>\n<p>Le droit d'auteur et tous les autres droits sur le contenu, les images, les photos ou autres fichiers du site web appartiennent exclusivement \u00e0 <strong>de Spruchreif GmbH<\/strong> ou les d\u00e9tenteurs de droits d'auteur sp\u00e9cifiquement nomm\u00e9s. Le consentement \u00e9crit des d\u00e9tenteurs des droits d'auteur doit \u00eatre obtenu au pr\u00e9alable pour la reproduction de tout \u00e9l\u00e9ment.<\/p>\n<h2>Protection des donn\u00e9es<\/h2>\n<p>Vous trouverez ici nos <a href=\"https:\/\/www.mahlwerk.ch\/fr\/datenschutzerklaerung\/\">D\u00e9claration de confidentialit\u00e9<\/a>.<\/p>\n<\/div><\/section><\/p><\/div>\n<style type=\"text\/css\" data-created_by=\"avia_inline_auto\" id=\"style-css-av-2ow4-6c3a7babec92641ef1862d0beb1bcc4b\">\n.flex_column.av-2ow4-6c3a7babec92641ef1862d0beb1bcc4b{\nborder-radius:0px 0px 0px 0px;\npadding:0px 0px 0px 0px;\n}\n<\/style>\n<div  class='flex_column av-2ow4-6c3a7babec92641ef1862d0beb1bcc4b av_one_third  avia-builder-el-3  el_after_av_two_third  el_before_av_textblock  flex_column_div av-zero-column-padding'     ><\/div><\/p>\n<section  class='av_textblock_section av-114jw-c1e3f831e06295e4fa033ed98033c31a'   itemscope=\"itemscope\" itemtype=\"https:\/\/schema.org\/CreativeWork\" ><div class='avia_textblock'  itemprop=\"text\" ><\/div><\/section>\n\n<style type=\"text\/css\" data-created_by=\"avia_inline_auto\" id=\"style-css-av-2ow4-1-d1d401e4991cfd11b52e20948fc8039b\">\n.flex_column.av-2ow4-1-d1d401e4991cfd11b52e20948fc8039b{\nborder-radius:0px 0px 0px 0px;\npadding:0px 0px 0px 0px;\n}\n<\/style>\n<div  class='flex_column av-2ow4-1-d1d401e4991cfd11b52e20948fc8039b av_one_third  avia-builder-el-5  el_after_av_textblock  avia-builder-el-last  first flex_column_div av-zero-column-padding  column-top-margin'     ><\/div>","protected":false},"excerpt":{"rendered":"","protected":false},"author":1,"featured_media":0,"parent":0,"menu_order":0,"comment_status":"closed","ping_status":"closed","template":"","meta":{"footnotes":""},"class_list":["post-72","page","type-page","status-publish","hentry"],"yoast_head":"<!-- This site is optimized with the Yoast SEO plugin v27.4 - https:\/\/yoast.com\/product\/yoast-seo-wordpress\/ -->\n<title>Impressum - Mahlwerk<\/title>\n<meta name=\"description\" content=\"Die Webseite wurde realisiert durch die Firma Spruchreif GmbH, Bluestweg 12, 4803 Vordemwald, kontakt@spruchreif.ch.\" \/>\n<meta name=\"robots\" content=\"index, follow, max-snippet:-1, max-image-preview:large, max-video-preview:-1\" \/>\n<link rel=\"canonical\" href=\"https:\/\/www.mahlwerk.ch\/fr\/impressum\/\" \/>\n<meta property=\"og:locale\" content=\"fr_FR\" \/>\n<meta property=\"og:type\" content=\"article\" \/>\n<meta property=\"og:title\" content=\"Impressum - Mahlwerk\" \/>\n<meta property=\"og:description\" content=\"Die Webseite wurde realisiert durch die Firma Spruchreif GmbH, Bluestweg 12, 4803 Vordemwald, kontakt@spruchreif.ch.\" \/>\n<meta property=\"og:url\" content=\"https:\/\/www.mahlwerk.ch\/fr\/impressum\/\" \/>\n<meta property=\"og:site_name\" content=\"Keramikm\u00fchlen von Mahlwerk\" \/>\n<meta property=\"article:modified_time\" content=\"2023-09-04T08:44:36+00:00\" \/>\n<meta name=\"twitter:card\" content=\"summary_large_image\" \/>\n<meta name=\"twitter:label1\" content=\"Dur\u00e9e de lecture estim\u00e9e\" \/>\n\t<meta name=\"twitter:data1\" content=\"3 minutes\" \/>\n<script type=\"application\/ld+json\" class=\"yoast-schema-graph\">{\"@context\":\"https:\\\/\\\/schema.org\",\"@graph\":[{\"@type\":\"WebPage\",\"@id\":\"https:\\\/\\\/www.mahlwerk.ch\\\/impressum\\\/\",\"url\":\"https:\\\/\\\/www.mahlwerk.ch\\\/impressum\\\/\",\"name\":\"Impressum - Mahlwerk\",\"isPartOf\":{\"@id\":\"https:\\\/\\\/www.mahlwerk.ch\\\/#website\"},\"datePublished\":\"2016-11-30T09:52:40+00:00\",\"dateModified\":\"2023-09-04T08:44:36+00:00\",\"description\":\"Die Webseite wurde realisiert durch die Firma Spruchreif GmbH, Bluestweg 12, 4803 Vordemwald, kontakt@spruchreif.ch.\",\"breadcrumb\":{\"@id\":\"https:\\\/\\\/www.mahlwerk.ch\\\/impressum\\\/#breadcrumb\"},\"inLanguage\":\"fr-FR\",\"potentialAction\":[{\"@type\":\"ReadAction\",\"target\":[\"https:\\\/\\\/www.mahlwerk.ch\\\/impressum\\\/\"]}]},{\"@type\":\"BreadcrumbList\",\"@id\":\"https:\\\/\\\/www.mahlwerk.ch\\\/impressum\\\/#breadcrumb\",\"itemListElement\":[{\"@type\":\"ListItem\",\"position\":1,\"name\":\"Startseite\",\"item\":\"https:\\\/\\\/www.mahlwerk.ch\\\/keramikmahlwerk\\\/\"},{\"@type\":\"ListItem\",\"position\":2,\"name\":\"Impressum\"}]},{\"@type\":\"WebSite\",\"@id\":\"https:\\\/\\\/www.mahlwerk.ch\\\/#website\",\"url\":\"https:\\\/\\\/www.mahlwerk.ch\\\/\",\"name\":\"Keramikm\u00fchlen f\u00fcr Pfeffer und Gew\u00fcrze aus der Schweiz\",\"description\":\"Pfefferm\u00fchlen aus schweizer Massivholz\",\"alternateName\":\"Hochwertige Pfefferm\u00fchlen mit Keramikmahlwerk\",\"potentialAction\":[{\"@type\":\"SearchAction\",\"target\":{\"@type\":\"EntryPoint\",\"urlTemplate\":\"https:\\\/\\\/www.mahlwerk.ch\\\/?s={search_term_string}\"},\"query-input\":{\"@type\":\"PropertyValueSpecification\",\"valueRequired\":true,\"valueName\":\"search_term_string\"}}],\"inLanguage\":\"fr-FR\"}]}<\/script>\n<!-- \/ Yoast SEO plugin. -->","yoast_head_json":{"title":"Mentions l\u00e9gales - Broyeur","description":"Le site web a \u00e9t\u00e9 r\u00e9alis\u00e9 par Spruchreif GmbH, Bluestweg 12, 4803 Vordemwald, kontakt@spruchreif.ch.","robots":{"index":"index","follow":"follow","max-snippet":"max-snippet:-1","max-image-preview":"max-image-preview:large","max-video-preview":"max-video-preview:-1"},"canonical":"https:\/\/www.mahlwerk.ch\/fr\/impressum\/","og_locale":"fr_FR","og_type":"article","og_title":"Impressum - Mahlwerk","og_description":"Die Webseite wurde realisiert durch die Firma Spruchreif GmbH, Bluestweg 12, 4803 Vordemwald, kontakt@spruchreif.ch.","og_url":"https:\/\/www.mahlwerk.ch\/fr\/impressum\/","og_site_name":"Keramikm\u00fchlen von Mahlwerk","article_modified_time":"2023-09-04T08:44:36+00:00","twitter_card":"summary_large_image","twitter_misc":{"Dur\u00e9e de lecture estim\u00e9e":"3 minutes"},"schema":{"@context":"https:\/\/schema.org","@graph":[{"@type":"WebPage","@id":"https:\/\/www.mahlwerk.ch\/impressum\/","url":"https:\/\/www.mahlwerk.ch\/impressum\/","name":"Mentions l\u00e9gales - Broyeur","isPartOf":{"@id":"https:\/\/www.mahlwerk.ch\/#website"},"datePublished":"2016-11-30T09:52:40+00:00","dateModified":"2023-09-04T08:44:36+00:00","description":"Le site web a \u00e9t\u00e9 r\u00e9alis\u00e9 par Spruchreif GmbH, Bluestweg 12, 4803 Vordemwald, kontakt@spruchreif.ch.","breadcrumb":{"@id":"https:\/\/www.mahlwerk.ch\/impressum\/#breadcrumb"},"inLanguage":"fr-FR","potentialAction":[{"@type":"ReadAction","target":["https:\/\/www.mahlwerk.ch\/impressum\/"]}]},{"@type":"BreadcrumbList","@id":"https:\/\/www.mahlwerk.ch\/impressum\/#breadcrumb","itemListElement":[{"@type":"ListItem","position":1,"name":"Startseite","item":"https:\/\/www.mahlwerk.ch\/keramikmahlwerk\/"},{"@type":"ListItem","position":2,"name":"Impressum"}]},{"@type":"WebSite","@id":"https:\/\/www.mahlwerk.ch\/#website","url":"https:\/\/www.mahlwerk.ch\/","name":"Keramikm\u00fchlen f\u00fcr Pfeffer und Gew\u00fcrze aus der Schweiz","description":"Pfefferm\u00fchlen aus schweizer Massivholz","alternateName":"Hochwertige Pfefferm\u00fchlen mit Keramikmahlwerk","potentialAction":[{"@type":"SearchAction","target":{"@type":"EntryPoint","urlTemplate":"https:\/\/www.mahlwerk.ch\/?s={search_term_string}"},"query-input":{"@type":"PropertyValueSpecification","valueRequired":true,"valueName":"search_term_string"}}],"inLanguage":"fr-FR"}]}},"_links":{"self":[{"href":"https:\/\/www.mahlwerk.ch\/fr\/wp-json\/wp\/v2\/pages\/72","targetHints":{"allow":["GET"]}}],"collection":[{"href":"https:\/\/www.mahlwerk.ch\/fr\/wp-json\/wp\/v2\/pages"}],"about":[{"href":"https:\/\/www.mahlwerk.ch\/fr\/wp-json\/wp\/v2\/types\/page"}],"author":[{"embeddable":true,"href":"https:\/\/www.mahlwerk.ch\/fr\/wp-json\/wp\/v2\/users\/1"}],"replies":[{"embeddable":true,"href":"https:\/\/www.mahlwerk.ch\/fr\/wp-json\/wp\/v2\/comments?post=72"}],"version-history":[{"count":4,"href":"https:\/\/www.mahlwerk.ch\/fr\/wp-json\/wp\/v2\/pages\/72\/revisions"}],"predecessor-version":[{"id":8988,"href":"https:\/\/www.mahlwerk.ch\/fr\/wp-json\/wp\/v2\/pages\/72\/revisions\/8988"}],"wp:attachment":[{"href":"https:\/\/www.mahlwerk.ch\/fr\/wp-json\/wp\/v2\/media?parent=72"}],"curies":[{"name":"wp","href":"https:\/\/api.w.org\/{rel}","templated":true}]}}