{"id":8154,"date":"2022-06-03T09:42:29","date_gmt":"2022-06-03T07:42:29","guid":{"rendered":"https:\/\/www.mahlwerk.ch\/?post_type=product&#038;p=8154"},"modified":"2024-12-12T15:55:52","modified_gmt":"2024-12-12T14:55:52","slug":"salzstreuer-aus-nussbaumholz","status":"publish","type":"product","link":"https:\/\/www.mahlwerk.ch\/fr\/produkt\/salzstreuer-aus-nussbaumholz\/","title":{"rendered":"Sali\u00e8re en bois de noyer"},"content":{"rendered":"<p>Sali\u00e8re en v\u00e9ritable bois de noyer suisse - unique en termes de design et de qualit\u00e9.<\/p>\n<p>Hauteur : 7cm - diam\u00e8tre : 4cm.<\/p>\n<p>La sali\u00e8re en bois massif s\u00e9duit par son design sobre et intemporel. La sali\u00e8re est fabriqu\u00e9e dans un atelier de tournage de l'Oberland bernois \u00e0 partir de bois r\u00e9gionaux. Gr\u00e2ce \u00e0 sa veinure unique, chaque produit est une pi\u00e8ce unique.<\/p>\n<p><strong>Nous livrons uniquement en Suisse.<\/strong><\/p>","protected":false},"excerpt":{"rendered":"<p>Salzstreuer aus echtem Schweizer Nussbaumholz &#8211; einzigartig in Design und Qualit\u00e4t. H\u00f6he: 7cm\u00a0 &#8211; Durchmesser: 4cm. Der Massivholz Salzstreuer besticht durch ihr schlichtes und zeitloses Design. Der Salzstreuer wird in einer Drechslerei im Berner Oberland aus regionalen H\u00f6lzern hergestellt. Durch die einzigartige Maserung wird jedes Produkt zum Unikat. Wir liefern nur in die Schweiz.<\/p>","protected":false},"featured_media":8155,"template":"","meta":[],"product_brand":[],"product_cat":[137],"product_tag":[],"class_list":{"0":"post-8154","1":"product","2":"type-product","3":"status-publish","4":"has-post-thumbnail","6":"product_cat-salzstreuer","8":"first","9":"instock","10":"taxable","11":"shipping-taxable","12":"purchasable","13":"product-type-simple"},"yoast_head":"<!-- This site is optimized with the Yoast SEO plugin v27.4 - https:\/\/yoast.com\/product\/yoast-seo-wordpress\/ -->\n<title>Keramikm\u00fchle aus Nussbaumholz - Mahlwerk<\/title>\n<meta name=\"description\" content=\"Keramikm\u00fchle aus echtem Schweizer Nussbaumholz - einzigartig in Design und Qualit\u00e4t. Hergestellt in einer Drechslerei im Bernern Oberland.\" \/>\n<meta name=\"robots\" content=\"index, follow, max-snippet:-1, max-image-preview:large, max-video-preview:-1\" \/>\n<link rel=\"canonical\" href=\"https:\/\/www.mahlwerk.ch\/fr\/produkt\/salzstreuer-aus-nussbaumholz\/\" \/>\n<meta property=\"og:locale\" content=\"fr_FR\" \/>\n<meta property=\"og:type\" content=\"article\" \/>\n<meta property=\"og:title\" content=\"Keramikm\u00fchle aus Nussbaumholz - Mahlwerk\" \/>\n<meta property=\"og:description\" content=\"Keramikm\u00fchle aus echtem Schweizer Nussbaumholz - einzigartig in Design und Qualit\u00e4t. Hergestellt in einer Drechslerei im Bernern Oberland.\" \/>\n<meta property=\"og:url\" content=\"https:\/\/www.mahlwerk.ch\/fr\/produkt\/salzstreuer-aus-nussbaumholz\/\" \/>\n<meta property=\"og:site_name\" content=\"Keramikm\u00fchlen von Mahlwerk\" \/>\n<meta property=\"article:modified_time\" content=\"2024-12-12T14:55:52+00:00\" \/>\n<meta property=\"og:image\" content=\"https:\/\/www.mahlwerk.ch\/webseite\/wp-content\/uploads\/2022\/06\/nussbaum-salzstreuer.jpg\" \/>\n\t<meta property=\"og:image:width\" content=\"2500\" \/>\n\t<meta property=\"og:image:height\" content=\"2500\" \/>\n\t<meta property=\"og:image:type\" content=\"image\/jpeg\" \/>\n<meta name=\"twitter:card\" content=\"summary_large_image\" \/>\n<script type=\"application\/ld+json\" class=\"yoast-schema-graph\">{\"@context\":\"https:\\\/\\\/schema.org\",\"@graph\":[{\"@type\":\"WebPage\",\"@id\":\"https:\\\/\\\/www.mahlwerk.ch\\\/produkt\\\/salzstreuer-aus-nussbaumholz\\\/\",\"url\":\"https:\\\/\\\/www.mahlwerk.ch\\\/produkt\\\/salzstreuer-aus-nussbaumholz\\\/\",\"name\":\"Keramikm\u00fchle aus Nussbaumholz - Mahlwerk\",\"isPartOf\":{\"@id\":\"https:\\\/\\\/www.mahlwerk.ch\\\/#website\"},\"primaryImageOfPage\":{\"@id\":\"https:\\\/\\\/www.mahlwerk.ch\\\/produkt\\\/salzstreuer-aus-nussbaumholz\\\/#primaryimage\"},\"image\":{\"@id\":\"https:\\\/\\\/www.mahlwerk.ch\\\/produkt\\\/salzstreuer-aus-nussbaumholz\\\/#primaryimage\"},\"thumbnailUrl\":\"https:\\\/\\\/www.mahlwerk.ch\\\/webseite\\\/wp-content\\\/uploads\\\/2022\\\/06\\\/nussbaum-salzstreuer.jpg\",\"datePublished\":\"2022-06-03T07:42:29+00:00\",\"dateModified\":\"2024-12-12T14:55:52+00:00\",\"description\":\"Keramikm\u00fchle aus echtem Schweizer Nussbaumholz - einzigartig in Design und Qualit\u00e4t. Hergestellt in einer Drechslerei im Bernern Oberland.\",\"breadcrumb\":{\"@id\":\"https:\\\/\\\/www.mahlwerk.ch\\\/produkt\\\/salzstreuer-aus-nussbaumholz\\\/#breadcrumb\"},\"inLanguage\":\"fr-FR\",\"potentialAction\":[{\"@type\":\"ReadAction\",\"target\":[\"https:\\\/\\\/www.mahlwerk.ch\\\/produkt\\\/salzstreuer-aus-nussbaumholz\\\/\"]}]},{\"@type\":\"ImageObject\",\"inLanguage\":\"fr-FR\",\"@id\":\"https:\\\/\\\/www.mahlwerk.ch\\\/produkt\\\/salzstreuer-aus-nussbaumholz\\\/#primaryimage\",\"url\":\"https:\\\/\\\/www.mahlwerk.ch\\\/webseite\\\/wp-content\\\/uploads\\\/2022\\\/06\\\/nussbaum-salzstreuer.jpg\",\"contentUrl\":\"https:\\\/\\\/www.mahlwerk.ch\\\/webseite\\\/wp-content\\\/uploads\\\/2022\\\/06\\\/nussbaum-salzstreuer.jpg\",\"width\":2500,\"height\":2500},{\"@type\":\"BreadcrumbList\",\"@id\":\"https:\\\/\\\/www.mahlwerk.ch\\\/produkt\\\/salzstreuer-aus-nussbaumholz\\\/#breadcrumb\",\"itemListElement\":[{\"@type\":\"ListItem\",\"position\":1,\"name\":\"Startseite\",\"item\":\"https:\\\/\\\/www.mahlwerk.ch\\\/keramikmahlwerk\\\/\"},{\"@type\":\"ListItem\",\"position\":2,\"name\":\"Shop\",\"item\":\"https:\\\/\\\/www.mahlwerk.ch\\\/shop\\\/\"},{\"@type\":\"ListItem\",\"position\":3,\"name\":\"Salzstreuer aus Nussbaumholz\"}]},{\"@type\":\"WebSite\",\"@id\":\"https:\\\/\\\/www.mahlwerk.ch\\\/#website\",\"url\":\"https:\\\/\\\/www.mahlwerk.ch\\\/\",\"name\":\"Keramikm\u00fchlen f\u00fcr Pfeffer und Gew\u00fcrze aus der Schweiz\",\"description\":\"Pfefferm\u00fchlen aus schweizer Massivholz\",\"alternateName\":\"Hochwertige Pfefferm\u00fchlen mit Keramikmahlwerk\",\"potentialAction\":[{\"@type\":\"SearchAction\",\"target\":{\"@type\":\"EntryPoint\",\"urlTemplate\":\"https:\\\/\\\/www.mahlwerk.ch\\\/?s={search_term_string}\"},\"query-input\":{\"@type\":\"PropertyValueSpecification\",\"valueRequired\":true,\"valueName\":\"search_term_string\"}}],\"inLanguage\":\"fr-FR\"}]}<\/script>\n<!-- \/ Yoast SEO plugin. -->","yoast_head_json":{"title":"Moulin \u00e0 noix en c\u00e9ramique - broyeur","description":"Moulin en c\u00e9ramique en v\u00e9ritable noyer suisse - unique par son design et sa qualit\u00e9. Fabriqu\u00e9 dans une tournerie de l'Oberland bernois.","robots":{"index":"index","follow":"follow","max-snippet":"max-snippet:-1","max-image-preview":"max-image-preview:large","max-video-preview":"max-video-preview:-1"},"canonical":"https:\/\/www.mahlwerk.ch\/fr\/produkt\/salzstreuer-aus-nussbaumholz\/","og_locale":"fr_FR","og_type":"article","og_title":"Keramikm\u00fchle aus Nussbaumholz - Mahlwerk","og_description":"Keramikm\u00fchle aus echtem Schweizer Nussbaumholz - einzigartig in Design und Qualit\u00e4t. Hergestellt in einer Drechslerei im Bernern Oberland.","og_url":"https:\/\/www.mahlwerk.ch\/fr\/produkt\/salzstreuer-aus-nussbaumholz\/","og_site_name":"Keramikm\u00fchlen von Mahlwerk","article_modified_time":"2024-12-12T14:55:52+00:00","og_image":[{"width":2500,"height":2500,"url":"https:\/\/www.mahlwerk.ch\/webseite\/wp-content\/uploads\/2022\/06\/nussbaum-salzstreuer.jpg","type":"image\/jpeg"}],"twitter_card":"summary_large_image","schema":{"@context":"https:\/\/schema.org","@graph":[{"@type":"WebPage","@id":"https:\/\/www.mahlwerk.ch\/produkt\/salzstreuer-aus-nussbaumholz\/","url":"https:\/\/www.mahlwerk.ch\/produkt\/salzstreuer-aus-nussbaumholz\/","name":"Moulin \u00e0 noix en c\u00e9ramique - broyeur","isPartOf":{"@id":"https:\/\/www.mahlwerk.ch\/#website"},"primaryImageOfPage":{"@id":"https:\/\/www.mahlwerk.ch\/produkt\/salzstreuer-aus-nussbaumholz\/#primaryimage"},"image":{"@id":"https:\/\/www.mahlwerk.ch\/produkt\/salzstreuer-aus-nussbaumholz\/#primaryimage"},"thumbnailUrl":"https:\/\/www.mahlwerk.ch\/webseite\/wp-content\/uploads\/2022\/06\/nussbaum-salzstreuer.jpg","datePublished":"2022-06-03T07:42:29+00:00","dateModified":"2024-12-12T14:55:52+00:00","description":"Moulin en c\u00e9ramique en v\u00e9ritable noyer suisse - unique par son design et sa qualit\u00e9. Fabriqu\u00e9 dans une tournerie de l'Oberland bernois.","breadcrumb":{"@id":"https:\/\/www.mahlwerk.ch\/produkt\/salzstreuer-aus-nussbaumholz\/#breadcrumb"},"inLanguage":"fr-FR","potentialAction":[{"@type":"ReadAction","target":["https:\/\/www.mahlwerk.ch\/produkt\/salzstreuer-aus-nussbaumholz\/"]}]},{"@type":"ImageObject","inLanguage":"fr-FR","@id":"https:\/\/www.mahlwerk.ch\/produkt\/salzstreuer-aus-nussbaumholz\/#primaryimage","url":"https:\/\/www.mahlwerk.ch\/webseite\/wp-content\/uploads\/2022\/06\/nussbaum-salzstreuer.jpg","contentUrl":"https:\/\/www.mahlwerk.ch\/webseite\/wp-content\/uploads\/2022\/06\/nussbaum-salzstreuer.jpg","width":2500,"height":2500},{"@type":"BreadcrumbList","@id":"https:\/\/www.mahlwerk.ch\/produkt\/salzstreuer-aus-nussbaumholz\/#breadcrumb","itemListElement":[{"@type":"ListItem","position":1,"name":"Startseite","item":"https:\/\/www.mahlwerk.ch\/keramikmahlwerk\/"},{"@type":"ListItem","position":2,"name":"Shop","item":"https:\/\/www.mahlwerk.ch\/shop\/"},{"@type":"ListItem","position":3,"name":"Salzstreuer aus Nussbaumholz"}]},{"@type":"WebSite","@id":"https:\/\/www.mahlwerk.ch\/#website","url":"https:\/\/www.mahlwerk.ch\/","name":"Keramikm\u00fchlen f\u00fcr Pfeffer und Gew\u00fcrze aus der Schweiz","description":"Pfefferm\u00fchlen aus schweizer Massivholz","alternateName":"Hochwertige Pfefferm\u00fchlen mit Keramikmahlwerk","potentialAction":[{"@type":"SearchAction","target":{"@type":"EntryPoint","urlTemplate":"https:\/\/www.mahlwerk.ch\/?s={search_term_string}"},"query-input":{"@type":"PropertyValueSpecification","valueRequired":true,"valueName":"search_term_string"}}],"inLanguage":"fr-FR"}]}},"_links":{"self":[{"href":"https:\/\/www.mahlwerk.ch\/fr\/wp-json\/wp\/v2\/product\/8154","targetHints":{"allow":["GET"]}}],"collection":[{"href":"https:\/\/www.mahlwerk.ch\/fr\/wp-json\/wp\/v2\/product"}],"about":[{"href":"https:\/\/www.mahlwerk.ch\/fr\/wp-json\/wp\/v2\/types\/product"}],"wp:featuredmedia":[{"embeddable":true,"href":"https:\/\/www.mahlwerk.ch\/fr\/wp-json\/wp\/v2\/media\/8155"}],"wp:attachment":[{"href":"https:\/\/www.mahlwerk.ch\/fr\/wp-json\/wp\/v2\/media?parent=8154"}],"wp:term":[{"taxonomy":"product_brand","embeddable":true,"href":"https:\/\/www.mahlwerk.ch\/fr\/wp-json\/wp\/v2\/product_brand?post=8154"},{"taxonomy":"product_cat","embeddable":true,"href":"https:\/\/www.mahlwerk.ch\/fr\/wp-json\/wp\/v2\/product_cat?post=8154"},{"taxonomy":"product_tag","embeddable":true,"href":"https:\/\/www.mahlwerk.ch\/fr\/wp-json\/wp\/v2\/product_tag?post=8154"}],"curies":[{"name":"wp","href":"https:\/\/api.w.org\/{rel}","templated":true}]}}