{"id":8749,"date":"2022-11-17T14:57:59","date_gmt":"2022-11-17T13:57:59","guid":{"rendered":"https:\/\/www.mahlwerk.ch\/?post_type=product&#038;p=8749"},"modified":"2026-03-01T17:44:48","modified_gmt":"2026-03-01T16:44:48","slug":"keramikmuehle-aus-roteiche","status":"publish","type":"product","link":"https:\/\/www.mahlwerk.ch\/fr\/produkt\/keramikmuehle-aus-roteiche\/","title":{"rendered":"Moulin en c\u00e9ramique en ch\u00eane rouge"},"content":{"rendered":"<p>Moulin en c\u00e9ramique en v\u00e9ritable ch\u00eane rouge suisse - unique en termes de design et de qualit\u00e9.<\/p>\n<p>Hauteur : 21cm - Diam\u00e8tre : 5 cm.<\/p>\n<p>Le moulin \u00e0 \u00e9pices en bois massif impressionne par son design simple et intemporel. Le moulin en bois est fabriqu\u00e9 \u00e0 partir de bois r\u00e9gionaux dans une tournerie de l'Oberland bernois. Le grain unique fait de chaque produit une pi\u00e8ce unique.<\/p>\n<p>Le c\u0153ur de chaque broyeur est un broyeur en c\u00e9ramique de haute qualit\u00e9 et r\u00e9glable en continu de CrushGrind. La c\u00e9ramique est plus dure que l'acier, sans go\u00fbt, durable et inoxydables.<\/p>\n<p>Le moulin en c\u00e9ramique permet de moudre sans probl\u00e8me diff\u00e9rentes \u00e9pices : Poivre, sel, piment et bien d'autres \u00e9pices et herbes s\u00e9ch\u00e9es.<\/p>\n<p><strong>Nous livrons uniquement en Suisse.<\/strong><\/p>\n<p>&nbsp;<\/p>","protected":false},"excerpt":{"rendered":"<p>Keramikm\u00fchle aus echtem Schweizer Roteichenholz &#8211; einzigartig in Design und Qualit\u00e4t. H\u00f6he: 21cm\u00a0 &#8211; Durchmesser: 5 cm. Die Massivholz Gew\u00fcrzm\u00fchle besticht durch ihr schlichtes und zeitloses Design. Die Holzm\u00fchle wird in einer Drechslerei im Berner Oberland aus regionalen H\u00f6lzern hergestellt. Durch die einzigartige Maserung wird jedes Produkt zum Unikat. Das Herzst\u00fcck jeder M\u00fchle ist ein [&hellip;]<\/p>\n","protected":false},"featured_media":8750,"template":"","meta":[],"product_brand":[],"product_cat":[129],"product_tag":[],"class_list":{"0":"post-8749","1":"product","2":"type-product","3":"status-publish","4":"has-post-thumbnail","6":"product_cat-muehlen","8":"first","9":"instock","10":"taxable","11":"shipping-taxable","12":"purchasable","13":"product-type-simple"},"yoast_head":"<!-- This site is optimized with the Yoast SEO plugin v27.4 - https:\/\/yoast.com\/product\/yoast-seo-wordpress\/ -->\n<title>Keramikm\u00fchle aus Kirschbaumholz - Mahlwerk<\/title>\n<meta name=\"description\" content=\"Keramikm\u00fchle aus echtem Schweizer Kirschbaumholz - einzigartig in Design und Qualit\u00e4t. Hergestellt in einer Drechslerei im Bernern Oberland.\" \/>\n<meta name=\"robots\" content=\"index, follow, max-snippet:-1, max-image-preview:large, max-video-preview:-1\" \/>\n<link rel=\"canonical\" href=\"https:\/\/www.mahlwerk.ch\/fr\/produkt\/keramikmuehle-aus-roteiche\/\" \/>\n<meta property=\"og:locale\" content=\"fr_FR\" \/>\n<meta property=\"og:type\" content=\"article\" \/>\n<meta property=\"og:title\" content=\"Keramikm\u00fchle aus Kirschbaumholz - Mahlwerk\" \/>\n<meta property=\"og:description\" content=\"Keramikm\u00fchle aus echtem Schweizer Kirschbaumholz - einzigartig in Design und Qualit\u00e4t. Hergestellt in einer Drechslerei im Bernern Oberland.\" \/>\n<meta property=\"og:url\" content=\"https:\/\/www.mahlwerk.ch\/fr\/produkt\/keramikmuehle-aus-roteiche\/\" \/>\n<meta property=\"og:site_name\" content=\"Keramikm\u00fchlen von Mahlwerk\" \/>\n<meta property=\"article:modified_time\" content=\"2026-03-01T16:44:48+00:00\" \/>\n<meta property=\"og:image\" content=\"https:\/\/www.mahlwerk.ch\/webseite\/wp-content\/uploads\/2022\/11\/roteiche-keramik-pfeffermuehle.jpg\" \/>\n\t<meta property=\"og:image:width\" content=\"2500\" \/>\n\t<meta property=\"og:image:height\" content=\"2501\" \/>\n\t<meta property=\"og:image:type\" content=\"image\/jpeg\" \/>\n<meta name=\"twitter:card\" content=\"summary_large_image\" \/>\n<meta name=\"twitter:label1\" content=\"Dur\u00e9e de lecture estim\u00e9e\" \/>\n\t<meta name=\"twitter:data1\" content=\"1 minute\" \/>\n<script type=\"application\/ld+json\" class=\"yoast-schema-graph\">{\"@context\":\"https:\\\/\\\/schema.org\",\"@graph\":[{\"@type\":\"WebPage\",\"@id\":\"https:\\\/\\\/www.mahlwerk.ch\\\/produkt\\\/keramikmuehle-aus-roteiche\\\/\",\"url\":\"https:\\\/\\\/www.mahlwerk.ch\\\/produkt\\\/keramikmuehle-aus-roteiche\\\/\",\"name\":\"Keramikm\u00fchle aus Kirschbaumholz - Mahlwerk\",\"isPartOf\":{\"@id\":\"https:\\\/\\\/www.mahlwerk.ch\\\/#website\"},\"primaryImageOfPage\":{\"@id\":\"https:\\\/\\\/www.mahlwerk.ch\\\/produkt\\\/keramikmuehle-aus-roteiche\\\/#primaryimage\"},\"image\":{\"@id\":\"https:\\\/\\\/www.mahlwerk.ch\\\/produkt\\\/keramikmuehle-aus-roteiche\\\/#primaryimage\"},\"thumbnailUrl\":\"https:\\\/\\\/www.mahlwerk.ch\\\/webseite\\\/wp-content\\\/uploads\\\/2022\\\/11\\\/roteiche-keramik-pfeffermuehle.jpg\",\"datePublished\":\"2022-11-17T13:57:59+00:00\",\"dateModified\":\"2026-03-01T16:44:48+00:00\",\"description\":\"Keramikm\u00fchle aus echtem Schweizer Kirschbaumholz - einzigartig in Design und Qualit\u00e4t. Hergestellt in einer Drechslerei im Bernern Oberland.\",\"breadcrumb\":{\"@id\":\"https:\\\/\\\/www.mahlwerk.ch\\\/produkt\\\/keramikmuehle-aus-roteiche\\\/#breadcrumb\"},\"inLanguage\":\"fr-FR\",\"potentialAction\":[{\"@type\":\"ReadAction\",\"target\":[\"https:\\\/\\\/www.mahlwerk.ch\\\/produkt\\\/keramikmuehle-aus-roteiche\\\/\"]}]},{\"@type\":\"ImageObject\",\"inLanguage\":\"fr-FR\",\"@id\":\"https:\\\/\\\/www.mahlwerk.ch\\\/produkt\\\/keramikmuehle-aus-roteiche\\\/#primaryimage\",\"url\":\"https:\\\/\\\/www.mahlwerk.ch\\\/webseite\\\/wp-content\\\/uploads\\\/2022\\\/11\\\/roteiche-keramik-pfeffermuehle.jpg\",\"contentUrl\":\"https:\\\/\\\/www.mahlwerk.ch\\\/webseite\\\/wp-content\\\/uploads\\\/2022\\\/11\\\/roteiche-keramik-pfeffermuehle.jpg\",\"width\":2500,\"height\":2501},{\"@type\":\"BreadcrumbList\",\"@id\":\"https:\\\/\\\/www.mahlwerk.ch\\\/produkt\\\/keramikmuehle-aus-roteiche\\\/#breadcrumb\",\"itemListElement\":[{\"@type\":\"ListItem\",\"position\":1,\"name\":\"Startseite\",\"item\":\"https:\\\/\\\/www.mahlwerk.ch\\\/keramikmahlwerk\\\/\"},{\"@type\":\"ListItem\",\"position\":2,\"name\":\"Shop\",\"item\":\"https:\\\/\\\/www.mahlwerk.ch\\\/shop\\\/\"},{\"@type\":\"ListItem\",\"position\":3,\"name\":\"Keramikm\u00fchle aus Roteiche\"}]},{\"@type\":\"WebSite\",\"@id\":\"https:\\\/\\\/www.mahlwerk.ch\\\/#website\",\"url\":\"https:\\\/\\\/www.mahlwerk.ch\\\/\",\"name\":\"Keramikm\u00fchlen f\u00fcr Pfeffer und Gew\u00fcrze aus der Schweiz\",\"description\":\"Pfefferm\u00fchlen aus schweizer Massivholz\",\"alternateName\":\"Hochwertige Pfefferm\u00fchlen mit Keramikmahlwerk\",\"potentialAction\":[{\"@type\":\"SearchAction\",\"target\":{\"@type\":\"EntryPoint\",\"urlTemplate\":\"https:\\\/\\\/www.mahlwerk.ch\\\/?s={search_term_string}\"},\"query-input\":{\"@type\":\"PropertyValueSpecification\",\"valueRequired\":true,\"valueName\":\"search_term_string\"}}],\"inLanguage\":\"fr-FR\"}]}<\/script>\n<!-- \/ Yoast SEO plugin. -->","yoast_head_json":{"title":"Moulin en c\u00e9ramique en bois de cerisier - m\u00e9canisme de broyage","description":"Moulin en c\u00e9ramique en v\u00e9ritable bois de cerisier suisse - unique par son design et sa qualit\u00e9. Fabriqu\u00e9 dans une tournerie de l'Oberland bernois.","robots":{"index":"index","follow":"follow","max-snippet":"max-snippet:-1","max-image-preview":"max-image-preview:large","max-video-preview":"max-video-preview:-1"},"canonical":"https:\/\/www.mahlwerk.ch\/fr\/produkt\/keramikmuehle-aus-roteiche\/","og_locale":"fr_FR","og_type":"article","og_title":"Keramikm\u00fchle aus Kirschbaumholz - Mahlwerk","og_description":"Keramikm\u00fchle aus echtem Schweizer Kirschbaumholz - einzigartig in Design und Qualit\u00e4t. Hergestellt in einer Drechslerei im Bernern Oberland.","og_url":"https:\/\/www.mahlwerk.ch\/fr\/produkt\/keramikmuehle-aus-roteiche\/","og_site_name":"Keramikm\u00fchlen von Mahlwerk","article_modified_time":"2026-03-01T16:44:48+00:00","og_image":[{"width":2500,"height":2501,"url":"https:\/\/www.mahlwerk.ch\/webseite\/wp-content\/uploads\/2022\/11\/roteiche-keramik-pfeffermuehle.jpg","type":"image\/jpeg"}],"twitter_card":"summary_large_image","twitter_misc":{"Dur\u00e9e de lecture estim\u00e9e":"1 minute"},"schema":{"@context":"https:\/\/schema.org","@graph":[{"@type":"WebPage","@id":"https:\/\/www.mahlwerk.ch\/produkt\/keramikmuehle-aus-roteiche\/","url":"https:\/\/www.mahlwerk.ch\/produkt\/keramikmuehle-aus-roteiche\/","name":"Moulin en c\u00e9ramique en bois de cerisier - m\u00e9canisme de broyage","isPartOf":{"@id":"https:\/\/www.mahlwerk.ch\/#website"},"primaryImageOfPage":{"@id":"https:\/\/www.mahlwerk.ch\/produkt\/keramikmuehle-aus-roteiche\/#primaryimage"},"image":{"@id":"https:\/\/www.mahlwerk.ch\/produkt\/keramikmuehle-aus-roteiche\/#primaryimage"},"thumbnailUrl":"https:\/\/www.mahlwerk.ch\/webseite\/wp-content\/uploads\/2022\/11\/roteiche-keramik-pfeffermuehle.jpg","datePublished":"2022-11-17T13:57:59+00:00","dateModified":"2026-03-01T16:44:48+00:00","description":"Moulin en c\u00e9ramique en v\u00e9ritable bois de cerisier suisse - unique par son design et sa qualit\u00e9. Fabriqu\u00e9 dans une tournerie de l'Oberland bernois.","breadcrumb":{"@id":"https:\/\/www.mahlwerk.ch\/produkt\/keramikmuehle-aus-roteiche\/#breadcrumb"},"inLanguage":"fr-FR","potentialAction":[{"@type":"ReadAction","target":["https:\/\/www.mahlwerk.ch\/produkt\/keramikmuehle-aus-roteiche\/"]}]},{"@type":"ImageObject","inLanguage":"fr-FR","@id":"https:\/\/www.mahlwerk.ch\/produkt\/keramikmuehle-aus-roteiche\/#primaryimage","url":"https:\/\/www.mahlwerk.ch\/webseite\/wp-content\/uploads\/2022\/11\/roteiche-keramik-pfeffermuehle.jpg","contentUrl":"https:\/\/www.mahlwerk.ch\/webseite\/wp-content\/uploads\/2022\/11\/roteiche-keramik-pfeffermuehle.jpg","width":2500,"height":2501},{"@type":"BreadcrumbList","@id":"https:\/\/www.mahlwerk.ch\/produkt\/keramikmuehle-aus-roteiche\/#breadcrumb","itemListElement":[{"@type":"ListItem","position":1,"name":"Startseite","item":"https:\/\/www.mahlwerk.ch\/keramikmahlwerk\/"},{"@type":"ListItem","position":2,"name":"Shop","item":"https:\/\/www.mahlwerk.ch\/shop\/"},{"@type":"ListItem","position":3,"name":"Keramikm\u00fchle aus Roteiche"}]},{"@type":"WebSite","@id":"https:\/\/www.mahlwerk.ch\/#website","url":"https:\/\/www.mahlwerk.ch\/","name":"Keramikm\u00fchlen f\u00fcr Pfeffer und Gew\u00fcrze aus der Schweiz","description":"Pfefferm\u00fchlen aus schweizer Massivholz","alternateName":"Hochwertige Pfefferm\u00fchlen mit Keramikmahlwerk","potentialAction":[{"@type":"SearchAction","target":{"@type":"EntryPoint","urlTemplate":"https:\/\/www.mahlwerk.ch\/?s={search_term_string}"},"query-input":{"@type":"PropertyValueSpecification","valueRequired":true,"valueName":"search_term_string"}}],"inLanguage":"fr-FR"}]}},"_links":{"self":[{"href":"https:\/\/www.mahlwerk.ch\/fr\/wp-json\/wp\/v2\/product\/8749","targetHints":{"allow":["GET"]}}],"collection":[{"href":"https:\/\/www.mahlwerk.ch\/fr\/wp-json\/wp\/v2\/product"}],"about":[{"href":"https:\/\/www.mahlwerk.ch\/fr\/wp-json\/wp\/v2\/types\/product"}],"wp:featuredmedia":[{"embeddable":true,"href":"https:\/\/www.mahlwerk.ch\/fr\/wp-json\/wp\/v2\/media\/8750"}],"wp:attachment":[{"href":"https:\/\/www.mahlwerk.ch\/fr\/wp-json\/wp\/v2\/media?parent=8749"}],"wp:term":[{"taxonomy":"product_brand","embeddable":true,"href":"https:\/\/www.mahlwerk.ch\/fr\/wp-json\/wp\/v2\/product_brand?post=8749"},{"taxonomy":"product_cat","embeddable":true,"href":"https:\/\/www.mahlwerk.ch\/fr\/wp-json\/wp\/v2\/product_cat?post=8749"},{"taxonomy":"product_tag","embeddable":true,"href":"https:\/\/www.mahlwerk.ch\/fr\/wp-json\/wp\/v2\/product_tag?post=8749"}],"curies":[{"name":"wp","href":"https:\/\/api.w.org\/{rel}","templated":true}]}}