{"id":9282,"date":"2024-11-18T09:52:10","date_gmt":"2024-11-18T08:52:10","guid":{"rendered":"https:\/\/www.mahlwerk.ch\/?post_type=product&#038;p=9282"},"modified":"2026-04-20T10:19:07","modified_gmt":"2026-04-20T08:19:07","slug":"muskatmuehle-aus-schweizer-birnbaumholz","status":"publish","type":"product","link":"https:\/\/www.mahlwerk.ch\/fr\/produkt\/muskatmuehle-aus-schweizer-birnbaumholz\/","title":{"rendered":"Muskatm\u00fchle aus Schweizer Birnbaumholz"},"content":{"rendered":"<p>Diese einzigartige Muskatm\u00fchle vereint traditionelles Handwerk und moderne Nachhaltigkeit. Gedrechselt aus edlem Birnbaumholz aus der Schweiz, wird sie im Berner Oberland mit Solarstrom gefertigt \u2013 ein echtes St\u00fcck Schweizer Pr\u00e4zisionsarbeit.<\/p>\n<p>Das Herzst\u00fcck der M\u00fchle ist das langlebige <strong>Schweizer Mahlwerk von Rafz<\/strong>, das f\u00fcr m\u00fcheloses und gleichm\u00e4ssiges Mahlen sorgt. Der Zapfen, ebenfalls aus Birnbaumholz gefertigt, rundet das zeitlose Design ab und sorgt f\u00fcr eine angenehme Haptik.<\/p>\n<p>Ein nachhaltiges Produkt, das sowohl in der K\u00fcche als auch auf dem Tisch begeistert \u2013 ein echter Begleiter f\u00fcr Liebhaber von Design, Qualit\u00e4t und umweltbewusster Herstellung.<\/p>\n<p><strong>Nous livrons uniquement en Suisse.<\/strong><\/p>","protected":false},"excerpt":{"rendered":"<p>Diese einzigartige Muskatm\u00fchle vereint traditionelles Handwerk und moderne Nachhaltigkeit. Gedrechselt aus edlem Birnbaumholz aus der Schweiz, wird sie im Berner Oberland mit Solarstrom gefertigt \u2013 ein echtes St\u00fcck Schweizer Pr\u00e4zisionsarbeit. Das Herzst\u00fcck der M\u00fchle ist das langlebige Schweizer Mahlwerk von Rafz, das f\u00fcr m\u00fcheloses und gleichm\u00e4ssiges Mahlen sorgt. Der Zapfen, ebenfalls aus Birnbaumholz gefertigt, rundet [&hellip;]<\/p>\n","protected":false},"featured_media":9284,"template":"","meta":[],"product_brand":[],"product_cat":[141],"product_tag":[],"class_list":{"0":"post-9282","1":"product","2":"type-product","3":"status-publish","4":"has-post-thumbnail","6":"product_cat-muskatmuehle","8":"first","9":"instock","10":"taxable","11":"shipping-taxable","12":"purchasable","13":"product-type-simple"},"yoast_head":"<!-- This site is optimized with the Yoast SEO plugin v27.5 - https:\/\/yoast.com\/product\/yoast-seo-wordpress\/ -->\n<title>Muskatnuss M\u00fchle aus Birnbaumholz - Mahlwerk<\/title>\n<meta name=\"description\" content=\"Muskatnuss M\u00fchle aus echtem Schweizer Birnbaumholz - einzigartig in Design und Qualit\u00e4t. Hergestellt in einer Drechslerei im Bernern Oberland.\" \/>\n<meta name=\"robots\" content=\"index, follow, max-snippet:-1, max-image-preview:large, max-video-preview:-1\" \/>\n<link rel=\"canonical\" href=\"https:\/\/www.mahlwerk.ch\/fr\/produkt\/muskatmuehle-aus-schweizer-birnbaumholz\/\" \/>\n<meta property=\"og:locale\" content=\"fr_FR\" \/>\n<meta property=\"og:type\" content=\"article\" \/>\n<meta property=\"og:title\" content=\"Muskatnuss M\u00fchle aus Birnbaumholz - Mahlwerk\" \/>\n<meta property=\"og:description\" content=\"Muskatnuss M\u00fchle aus echtem Schweizer Birnbaumholz - einzigartig in Design und Qualit\u00e4t. Hergestellt in einer Drechslerei im Bernern Oberland.\" \/>\n<meta property=\"og:url\" content=\"https:\/\/www.mahlwerk.ch\/fr\/produkt\/muskatmuehle-aus-schweizer-birnbaumholz\/\" \/>\n<meta property=\"og:site_name\" content=\"Keramikm\u00fchlen von Mahlwerk\" \/>\n<meta property=\"article:modified_time\" content=\"2026-04-20T08:19:07+00:00\" \/>\n<meta property=\"og:image\" content=\"https:\/\/www.mahlwerk.ch\/webseite\/wp-content\/uploads\/2024\/11\/muskat-birne-scaled.jpg\" \/>\n\t<meta property=\"og:image:width\" content=\"2560\" \/>\n\t<meta property=\"og:image:height\" content=\"2560\" \/>\n\t<meta property=\"og:image:type\" content=\"image\/jpeg\" \/>\n<meta name=\"twitter:card\" content=\"summary_large_image\" \/>\n<meta name=\"twitter:label1\" content=\"Dur\u00e9e de lecture estim\u00e9e\" \/>\n\t<meta name=\"twitter:data1\" content=\"1 minute\" \/>\n<script type=\"application\/ld+json\" class=\"yoast-schema-graph\">{\"@context\":\"https:\\\/\\\/schema.org\",\"@graph\":[{\"@type\":\"WebPage\",\"@id\":\"https:\\\/\\\/www.mahlwerk.ch\\\/produkt\\\/muskatmuehle-aus-schweizer-birnbaumholz\\\/\",\"url\":\"https:\\\/\\\/www.mahlwerk.ch\\\/produkt\\\/muskatmuehle-aus-schweizer-birnbaumholz\\\/\",\"name\":\"Muskatnuss M\u00fchle aus Birnbaumholz - Mahlwerk\",\"isPartOf\":{\"@id\":\"https:\\\/\\\/www.mahlwerk.ch\\\/#website\"},\"primaryImageOfPage\":{\"@id\":\"https:\\\/\\\/www.mahlwerk.ch\\\/produkt\\\/muskatmuehle-aus-schweizer-birnbaumholz\\\/#primaryimage\"},\"image\":{\"@id\":\"https:\\\/\\\/www.mahlwerk.ch\\\/produkt\\\/muskatmuehle-aus-schweizer-birnbaumholz\\\/#primaryimage\"},\"thumbnailUrl\":\"https:\\\/\\\/www.mahlwerk.ch\\\/webseite\\\/wp-content\\\/uploads\\\/2024\\\/11\\\/muskat-birne-scaled.jpg\",\"datePublished\":\"2024-11-18T08:52:10+00:00\",\"dateModified\":\"2026-04-20T08:19:07+00:00\",\"description\":\"Muskatnuss M\u00fchle aus echtem Schweizer Birnbaumholz - einzigartig in Design und Qualit\u00e4t. Hergestellt in einer Drechslerei im Bernern Oberland.\",\"breadcrumb\":{\"@id\":\"https:\\\/\\\/www.mahlwerk.ch\\\/produkt\\\/muskatmuehle-aus-schweizer-birnbaumholz\\\/#breadcrumb\"},\"inLanguage\":\"fr-FR\",\"potentialAction\":[{\"@type\":\"ReadAction\",\"target\":[\"https:\\\/\\\/www.mahlwerk.ch\\\/produkt\\\/muskatmuehle-aus-schweizer-birnbaumholz\\\/\"]}]},{\"@type\":\"ImageObject\",\"inLanguage\":\"fr-FR\",\"@id\":\"https:\\\/\\\/www.mahlwerk.ch\\\/produkt\\\/muskatmuehle-aus-schweizer-birnbaumholz\\\/#primaryimage\",\"url\":\"https:\\\/\\\/www.mahlwerk.ch\\\/webseite\\\/wp-content\\\/uploads\\\/2024\\\/11\\\/muskat-birne-scaled.jpg\",\"contentUrl\":\"https:\\\/\\\/www.mahlwerk.ch\\\/webseite\\\/wp-content\\\/uploads\\\/2024\\\/11\\\/muskat-birne-scaled.jpg\",\"width\":2560,\"height\":2560},{\"@type\":\"BreadcrumbList\",\"@id\":\"https:\\\/\\\/www.mahlwerk.ch\\\/produkt\\\/muskatmuehle-aus-schweizer-birnbaumholz\\\/#breadcrumb\",\"itemListElement\":[{\"@type\":\"ListItem\",\"position\":1,\"name\":\"Startseite\",\"item\":\"https:\\\/\\\/www.mahlwerk.ch\\\/keramikmahlwerk\\\/\"},{\"@type\":\"ListItem\",\"position\":2,\"name\":\"Shop\",\"item\":\"https:\\\/\\\/www.mahlwerk.ch\\\/shop\\\/\"},{\"@type\":\"ListItem\",\"position\":3,\"name\":\"Muskatm\u00fchle aus Schweizer Birnbaumholz\"}]},{\"@type\":\"WebSite\",\"@id\":\"https:\\\/\\\/www.mahlwerk.ch\\\/#website\",\"url\":\"https:\\\/\\\/www.mahlwerk.ch\\\/\",\"name\":\"Keramikm\u00fchlen f\u00fcr Pfeffer und Gew\u00fcrze aus der Schweiz\",\"description\":\"Pfefferm\u00fchlen aus schweizer Massivholz\",\"alternateName\":\"Hochwertige Pfefferm\u00fchlen mit Keramikmahlwerk\",\"potentialAction\":[{\"@type\":\"SearchAction\",\"target\":{\"@type\":\"EntryPoint\",\"urlTemplate\":\"https:\\\/\\\/www.mahlwerk.ch\\\/?s={search_term_string}\"},\"query-input\":{\"@type\":\"PropertyValueSpecification\",\"valueRequired\":true,\"valueName\":\"search_term_string\"}}],\"inLanguage\":\"fr-FR\"}]}<\/script>\n<!-- \/ Yoast SEO plugin. -->","yoast_head_json":{"title":"Muskatnuss M\u00fchle aus Birnbaumholz - Mahlwerk","description":"Muskatnuss M\u00fchle aus echtem Schweizer Birnbaumholz - einzigartig in Design und Qualit\u00e4t. Hergestellt in einer Drechslerei im Bernern Oberland.","robots":{"index":"index","follow":"follow","max-snippet":"max-snippet:-1","max-image-preview":"max-image-preview:large","max-video-preview":"max-video-preview:-1"},"canonical":"https:\/\/www.mahlwerk.ch\/fr\/produkt\/muskatmuehle-aus-schweizer-birnbaumholz\/","og_locale":"fr_FR","og_type":"article","og_title":"Muskatnuss M\u00fchle aus Birnbaumholz - Mahlwerk","og_description":"Muskatnuss M\u00fchle aus echtem Schweizer Birnbaumholz - einzigartig in Design und Qualit\u00e4t. Hergestellt in einer Drechslerei im Bernern Oberland.","og_url":"https:\/\/www.mahlwerk.ch\/fr\/produkt\/muskatmuehle-aus-schweizer-birnbaumholz\/","og_site_name":"Keramikm\u00fchlen von Mahlwerk","article_modified_time":"2026-04-20T08:19:07+00:00","og_image":[{"width":2560,"height":2560,"url":"https:\/\/www.mahlwerk.ch\/webseite\/wp-content\/uploads\/2024\/11\/muskat-birne-scaled.jpg","type":"image\/jpeg"}],"twitter_card":"summary_large_image","twitter_misc":{"Dur\u00e9e de lecture estim\u00e9e":"1 minute"},"schema":{"@context":"https:\/\/schema.org","@graph":[{"@type":"WebPage","@id":"https:\/\/www.mahlwerk.ch\/produkt\/muskatmuehle-aus-schweizer-birnbaumholz\/","url":"https:\/\/www.mahlwerk.ch\/produkt\/muskatmuehle-aus-schweizer-birnbaumholz\/","name":"Muskatnuss M\u00fchle aus Birnbaumholz - Mahlwerk","isPartOf":{"@id":"https:\/\/www.mahlwerk.ch\/#website"},"primaryImageOfPage":{"@id":"https:\/\/www.mahlwerk.ch\/produkt\/muskatmuehle-aus-schweizer-birnbaumholz\/#primaryimage"},"image":{"@id":"https:\/\/www.mahlwerk.ch\/produkt\/muskatmuehle-aus-schweizer-birnbaumholz\/#primaryimage"},"thumbnailUrl":"https:\/\/www.mahlwerk.ch\/webseite\/wp-content\/uploads\/2024\/11\/muskat-birne-scaled.jpg","datePublished":"2024-11-18T08:52:10+00:00","dateModified":"2026-04-20T08:19:07+00:00","description":"Muskatnuss M\u00fchle aus echtem Schweizer Birnbaumholz - einzigartig in Design und Qualit\u00e4t. Hergestellt in einer Drechslerei im Bernern Oberland.","breadcrumb":{"@id":"https:\/\/www.mahlwerk.ch\/produkt\/muskatmuehle-aus-schweizer-birnbaumholz\/#breadcrumb"},"inLanguage":"fr-FR","potentialAction":[{"@type":"ReadAction","target":["https:\/\/www.mahlwerk.ch\/produkt\/muskatmuehle-aus-schweizer-birnbaumholz\/"]}]},{"@type":"ImageObject","inLanguage":"fr-FR","@id":"https:\/\/www.mahlwerk.ch\/produkt\/muskatmuehle-aus-schweizer-birnbaumholz\/#primaryimage","url":"https:\/\/www.mahlwerk.ch\/webseite\/wp-content\/uploads\/2024\/11\/muskat-birne-scaled.jpg","contentUrl":"https:\/\/www.mahlwerk.ch\/webseite\/wp-content\/uploads\/2024\/11\/muskat-birne-scaled.jpg","width":2560,"height":2560},{"@type":"BreadcrumbList","@id":"https:\/\/www.mahlwerk.ch\/produkt\/muskatmuehle-aus-schweizer-birnbaumholz\/#breadcrumb","itemListElement":[{"@type":"ListItem","position":1,"name":"Startseite","item":"https:\/\/www.mahlwerk.ch\/keramikmahlwerk\/"},{"@type":"ListItem","position":2,"name":"Shop","item":"https:\/\/www.mahlwerk.ch\/shop\/"},{"@type":"ListItem","position":3,"name":"Muskatm\u00fchle aus Schweizer Birnbaumholz"}]},{"@type":"WebSite","@id":"https:\/\/www.mahlwerk.ch\/#website","url":"https:\/\/www.mahlwerk.ch\/","name":"Keramikm\u00fchlen f\u00fcr Pfeffer und Gew\u00fcrze aus der Schweiz","description":"Pfefferm\u00fchlen aus schweizer Massivholz","alternateName":"Hochwertige Pfefferm\u00fchlen mit Keramikmahlwerk","potentialAction":[{"@type":"SearchAction","target":{"@type":"EntryPoint","urlTemplate":"https:\/\/www.mahlwerk.ch\/?s={search_term_string}"},"query-input":{"@type":"PropertyValueSpecification","valueRequired":true,"valueName":"search_term_string"}}],"inLanguage":"fr-FR"}]}},"_links":{"self":[{"href":"https:\/\/www.mahlwerk.ch\/fr\/wp-json\/wp\/v2\/product\/9282","targetHints":{"allow":["GET"]}}],"collection":[{"href":"https:\/\/www.mahlwerk.ch\/fr\/wp-json\/wp\/v2\/product"}],"about":[{"href":"https:\/\/www.mahlwerk.ch\/fr\/wp-json\/wp\/v2\/types\/product"}],"wp:featuredmedia":[{"embeddable":true,"href":"https:\/\/www.mahlwerk.ch\/fr\/wp-json\/wp\/v2\/media\/9284"}],"wp:attachment":[{"href":"https:\/\/www.mahlwerk.ch\/fr\/wp-json\/wp\/v2\/media?parent=9282"}],"wp:term":[{"taxonomy":"product_brand","embeddable":true,"href":"https:\/\/www.mahlwerk.ch\/fr\/wp-json\/wp\/v2\/product_brand?post=9282"},{"taxonomy":"product_cat","embeddable":true,"href":"https:\/\/www.mahlwerk.ch\/fr\/wp-json\/wp\/v2\/product_cat?post=9282"},{"taxonomy":"product_tag","embeddable":true,"href":"https:\/\/www.mahlwerk.ch\/fr\/wp-json\/wp\/v2\/product_tag?post=9282"}],"curies":[{"name":"wp","href":"https:\/\/api.w.org\/{rel}","templated":true}]}}