{"id":33,"date":"2016-11-30T10:00:43","date_gmt":"2016-11-30T09:00:43","guid":{"rendered":"https:\/\/mahlwerk.ch\/webseite\/?page_id=33"},"modified":"2016-12-06T16:32:18","modified_gmt":"2016-12-06T15:32:18","slug":"reinigung","status":"publish","type":"page","link":"https:\/\/www.mahlwerk.ch\/it\/wissenswertes\/reinigung\/","title":{"rendered":"Pulizia"},"content":{"rendered":"<style type=\"text\/css\" data-created_by=\"avia_inline_auto\" id=\"style-css-av-av_heading-ac0711d65695e1ba7c4bee3c485ca75a\">\n#top .av-special-heading.av-av_heading-ac0711d65695e1ba7c4bee3c485ca75a{\npadding-bottom:20px;\n}\nbody .av-special-heading.av-av_heading-ac0711d65695e1ba7c4bee3c485ca75a .av-special-heading-tag .heading-char{\nfont-size:25px;\n}\n.av-special-heading.av-av_heading-ac0711d65695e1ba7c4bee3c485ca75a .av-subheading{\nfont-size:15px;\n}\n<\/style>\n<div  class='av-special-heading av-av_heading-ac0711d65695e1ba7c4bee3c485ca75a av-special-heading-h1 blockquote modern-quote  avia-builder-el-0  el_before_av_two_third  avia-builder-el-first'><h1 class='av-special-heading-tag'  itemprop=\"headline\"  >Pulizia<\/h1><div class=\"special-heading-border\"><div class=\"special-heading-inner-border\"><\/div><\/div><\/div>\n\n<style type=\"text\/css\" data-created_by=\"avia_inline_auto\" id=\"style-css-av-av_two_third-6126cab7d8fab8d08143dd2dacdf673c\">\n.flex_column.av-av_two_third-6126cab7d8fab8d08143dd2dacdf673c{\nborder-radius:0px 0px 0px 0px;\npadding:0px 0px 0px 0px;\n}\n<\/style>\n<div  class='flex_column av-av_two_third-6126cab7d8fab8d08143dd2dacdf673c av_two_third  avia-builder-el-1  el_after_av_heading  el_before_av_one_third  first flex_column_div av-zero-column-padding'     ><section  class='av_textblock_section av-av_textblock-0366cc7376be6c9e82a3e9cc8987b64f'   itemscope=\"itemscope\" itemtype=\"https:\/\/schema.org\/CreativeWork\" ><div class='avia_textblock'  itemprop=\"text\" ><p>Un macinino in ceramica deve essere pulito di tanto in tanto.<\/p>\n<p>Un mulino completamente svuotato e asciutto pu\u00f2 essere rapidamente e facilmente pulito dai residui con un tubo aspiratore.<\/p>\n<p>Un altro buon consiglio \u00e8 quello di pulire il mulino con chicchi di riso. Per fare questo, impostare una macinatura grossolana e poi macinare alcuni chicchi di riso. Il riso ha la propriet\u00e0 che gli oli essenziali cos\u00ec come i residui di spezie vi si attaccano e possono quindi essere rimossi.<\/p>\n<\/div><\/section><\/div>\n\n<style type=\"text\/css\" data-created_by=\"avia_inline_auto\" id=\"style-css-av-av_one_third-0aa7055fe62c3622faec82866afbaeb2\">\n.flex_column.av-av_one_third-0aa7055fe62c3622faec82866afbaeb2{\nborder-radius:0px 0px 0px 0px;\npadding:0px 0px 0px 0px;\n}\n<\/style>\n<div  class='flex_column av-av_one_third-0aa7055fe62c3622faec82866afbaeb2 av_one_third  avia-builder-el-3  el_after_av_two_third  avia-builder-el-last  flex_column_div av-zero-column-padding'     ><style type=\"text\/css\" data-created_by=\"avia_inline_auto\" id=\"style-css-av-av_image-3e529173d3fabd2616903859a02b52ee\">\n.avia-image-container.av-av_image-3e529173d3fabd2616903859a02b52ee img.avia_image{\nbox-shadow:none;\n}\n.avia-image-container.av-av_image-3e529173d3fabd2616903859a02b52ee .av-image-caption-overlay-center{\ncolor:#ffffff;\n}\n<\/style>\n<div  class='avia-image-container av-av_image-3e529173d3fabd2616903859a02b52ee av-styling- avia-align-center  avia-builder-el-4  avia-builder-el-no-sibling'   itemprop=\"image\" itemscope=\"itemscope\" itemtype=\"https:\/\/schema.org\/ImageObject\" ><div class=\"avia-image-container-inner\"><div class=\"avia-image-overlay-wrap\"><img decoding=\"async\" fetchpriority=\"high\" class='wp-image-145 avia-img-lazy-loading-not-145 avia_image' src=\"https:\/\/www.mahlwerk.ch\/webseite\/wp-content\/uploads\/2016\/12\/keramikmuehle-liegend-1030x687.jpg\" alt='' title='smerigliatrice-ceramica'  height=\"687\" width=\"1030\"  itemprop=\"thumbnailUrl\" srcset=\"https:\/\/www.mahlwerk.ch\/webseite\/wp-content\/uploads\/2016\/12\/keramikmuehle-liegend-1030x687.jpg 1030w, https:\/\/www.mahlwerk.ch\/webseite\/wp-content\/uploads\/2016\/12\/keramikmuehle-liegend-scaled-800x533.jpg 800w, https:\/\/www.mahlwerk.ch\/webseite\/wp-content\/uploads\/2016\/12\/keramikmuehle-liegend-300x200.jpg 300w, https:\/\/www.mahlwerk.ch\/webseite\/wp-content\/uploads\/2016\/12\/keramikmuehle-liegend-768x512.jpg 768w, https:\/\/www.mahlwerk.ch\/webseite\/wp-content\/uploads\/2016\/12\/keramikmuehle-liegend-1500x1000.jpg 1500w, https:\/\/www.mahlwerk.ch\/webseite\/wp-content\/uploads\/2016\/12\/keramikmuehle-liegend-705x470.jpg 705w, https:\/\/www.mahlwerk.ch\/webseite\/wp-content\/uploads\/2016\/12\/keramikmuehle-liegend-450x300.jpg 450w\" sizes=\"(max-width: 1030px) 100vw, 1030px\" \/><\/div><\/div><\/div><\/div>","protected":false},"excerpt":{"rendered":"","protected":false},"author":1,"featured_media":0,"parent":29,"menu_order":0,"comment_status":"closed","ping_status":"closed","template":"","meta":{"footnotes":""},"class_list":["post-33","page","type-page","status-publish","hentry"],"yoast_head":"<!-- This site is optimized with the Yoast SEO plugin v27.4 - https:\/\/yoast.com\/product\/yoast-seo-wordpress\/ -->\n<title>Reinigung - Mahlwerk<\/title>\n<meta name=\"description\" content=\"Die Reinigung der Keramikmahlwerke gelingt rasch und einfach mit einem Staubsauger oder mit Reisk\u00f6rnern, die in einem groben Mahlgrad zermahlen werden.\" \/>\n<meta name=\"robots\" content=\"index, follow, max-snippet:-1, max-image-preview:large, max-video-preview:-1\" \/>\n<link rel=\"canonical\" href=\"https:\/\/www.mahlwerk.ch\/it\/wissenswertes\/reinigung\/\" \/>\n<meta property=\"og:locale\" content=\"it_IT\" \/>\n<meta property=\"og:type\" content=\"article\" \/>\n<meta property=\"og:title\" content=\"Reinigung - Mahlwerk\" \/>\n<meta property=\"og:description\" content=\"Die Reinigung der Keramikmahlwerke gelingt rasch und einfach mit einem Staubsauger oder mit Reisk\u00f6rnern, die in einem groben Mahlgrad zermahlen werden.\" \/>\n<meta property=\"og:url\" content=\"https:\/\/www.mahlwerk.ch\/it\/wissenswertes\/reinigung\/\" \/>\n<meta property=\"og:site_name\" content=\"Keramikm\u00fchlen von Mahlwerk\" \/>\n<meta property=\"article:modified_time\" content=\"2016-12-06T15:32:18+00:00\" \/>\n<meta name=\"twitter:card\" content=\"summary_large_image\" \/>\n<meta name=\"twitter:label1\" content=\"Tempo di lettura stimato\" \/>\n\t<meta name=\"twitter:data1\" content=\"1 minuto\" \/>\n<script type=\"application\/ld+json\" class=\"yoast-schema-graph\">{\"@context\":\"https:\\\/\\\/schema.org\",\"@graph\":[{\"@type\":\"WebPage\",\"@id\":\"https:\\\/\\\/www.mahlwerk.ch\\\/wissenswertes\\\/reinigung\\\/\",\"url\":\"https:\\\/\\\/www.mahlwerk.ch\\\/wissenswertes\\\/reinigung\\\/\",\"name\":\"Reinigung - Mahlwerk\",\"isPartOf\":{\"@id\":\"https:\\\/\\\/www.mahlwerk.ch\\\/#website\"},\"datePublished\":\"2016-11-30T09:00:43+00:00\",\"dateModified\":\"2016-12-06T15:32:18+00:00\",\"description\":\"Die Reinigung der Keramikmahlwerke gelingt rasch und einfach mit einem Staubsauger oder mit Reisk\u00f6rnern, die in einem groben Mahlgrad zermahlen werden.\",\"breadcrumb\":{\"@id\":\"https:\\\/\\\/www.mahlwerk.ch\\\/wissenswertes\\\/reinigung\\\/#breadcrumb\"},\"inLanguage\":\"it-IT\",\"potentialAction\":[{\"@type\":\"ReadAction\",\"target\":[\"https:\\\/\\\/www.mahlwerk.ch\\\/wissenswertes\\\/reinigung\\\/\"]}]},{\"@type\":\"BreadcrumbList\",\"@id\":\"https:\\\/\\\/www.mahlwerk.ch\\\/wissenswertes\\\/reinigung\\\/#breadcrumb\",\"itemListElement\":[{\"@type\":\"ListItem\",\"position\":1,\"name\":\"Startseite\",\"item\":\"https:\\\/\\\/www.mahlwerk.ch\\\/keramikmahlwerk\\\/\"},{\"@type\":\"ListItem\",\"position\":2,\"name\":\"Wissenswertes\",\"item\":\"https:\\\/\\\/www.mahlwerk.ch\\\/wissenswertes\\\/\"},{\"@type\":\"ListItem\",\"position\":3,\"name\":\"Reinigung\"}]},{\"@type\":\"WebSite\",\"@id\":\"https:\\\/\\\/www.mahlwerk.ch\\\/#website\",\"url\":\"https:\\\/\\\/www.mahlwerk.ch\\\/\",\"name\":\"Keramikm\u00fchlen f\u00fcr Pfeffer und Gew\u00fcrze aus der Schweiz\",\"description\":\"Pfefferm\u00fchlen aus schweizer Massivholz\",\"alternateName\":\"Hochwertige Pfefferm\u00fchlen mit Keramikmahlwerk\",\"potentialAction\":[{\"@type\":\"SearchAction\",\"target\":{\"@type\":\"EntryPoint\",\"urlTemplate\":\"https:\\\/\\\/www.mahlwerk.ch\\\/?s={search_term_string}\"},\"query-input\":{\"@type\":\"PropertyValueSpecification\",\"valueRequired\":true,\"valueName\":\"search_term_string\"}}],\"inLanguage\":\"it-IT\"}]}<\/script>\n<!-- \/ Yoast SEO plugin. -->","yoast_head_json":{"title":"Pulizia - Smerigliatrice","description":"La pulizia delle macine in ceramica \u00e8 facile e veloce con un aspirapolvere o con chicchi di riso macinati a grana grossa.","robots":{"index":"index","follow":"follow","max-snippet":"max-snippet:-1","max-image-preview":"max-image-preview:large","max-video-preview":"max-video-preview:-1"},"canonical":"https:\/\/www.mahlwerk.ch\/it\/wissenswertes\/reinigung\/","og_locale":"it_IT","og_type":"article","og_title":"Reinigung - Mahlwerk","og_description":"Die Reinigung der Keramikmahlwerke gelingt rasch und einfach mit einem Staubsauger oder mit Reisk\u00f6rnern, die in einem groben Mahlgrad zermahlen werden.","og_url":"https:\/\/www.mahlwerk.ch\/it\/wissenswertes\/reinigung\/","og_site_name":"Keramikm\u00fchlen von Mahlwerk","article_modified_time":"2016-12-06T15:32:18+00:00","twitter_card":"summary_large_image","twitter_misc":{"Tempo di lettura stimato":"1 minuto"},"schema":{"@context":"https:\/\/schema.org","@graph":[{"@type":"WebPage","@id":"https:\/\/www.mahlwerk.ch\/wissenswertes\/reinigung\/","url":"https:\/\/www.mahlwerk.ch\/wissenswertes\/reinigung\/","name":"Pulizia - Smerigliatrice","isPartOf":{"@id":"https:\/\/www.mahlwerk.ch\/#website"},"datePublished":"2016-11-30T09:00:43+00:00","dateModified":"2016-12-06T15:32:18+00:00","description":"La pulizia delle macine in ceramica \u00e8 facile e veloce con un aspirapolvere o con chicchi di riso macinati a grana grossa.","breadcrumb":{"@id":"https:\/\/www.mahlwerk.ch\/wissenswertes\/reinigung\/#breadcrumb"},"inLanguage":"it-IT","potentialAction":[{"@type":"ReadAction","target":["https:\/\/www.mahlwerk.ch\/wissenswertes\/reinigung\/"]}]},{"@type":"BreadcrumbList","@id":"https:\/\/www.mahlwerk.ch\/wissenswertes\/reinigung\/#breadcrumb","itemListElement":[{"@type":"ListItem","position":1,"name":"Startseite","item":"https:\/\/www.mahlwerk.ch\/keramikmahlwerk\/"},{"@type":"ListItem","position":2,"name":"Wissenswertes","item":"https:\/\/www.mahlwerk.ch\/wissenswertes\/"},{"@type":"ListItem","position":3,"name":"Reinigung"}]},{"@type":"WebSite","@id":"https:\/\/www.mahlwerk.ch\/#website","url":"https:\/\/www.mahlwerk.ch\/","name":"Keramikm\u00fchlen f\u00fcr Pfeffer und Gew\u00fcrze aus der Schweiz","description":"Pfefferm\u00fchlen aus schweizer Massivholz","alternateName":"Hochwertige Pfefferm\u00fchlen mit Keramikmahlwerk","potentialAction":[{"@type":"SearchAction","target":{"@type":"EntryPoint","urlTemplate":"https:\/\/www.mahlwerk.ch\/?s={search_term_string}"},"query-input":{"@type":"PropertyValueSpecification","valueRequired":true,"valueName":"search_term_string"}}],"inLanguage":"it-IT"}]}},"_links":{"self":[{"href":"https:\/\/www.mahlwerk.ch\/it\/wp-json\/wp\/v2\/pages\/33","targetHints":{"allow":["GET"]}}],"collection":[{"href":"https:\/\/www.mahlwerk.ch\/it\/wp-json\/wp\/v2\/pages"}],"about":[{"href":"https:\/\/www.mahlwerk.ch\/it\/wp-json\/wp\/v2\/types\/page"}],"author":[{"embeddable":true,"href":"https:\/\/www.mahlwerk.ch\/it\/wp-json\/wp\/v2\/users\/1"}],"replies":[{"embeddable":true,"href":"https:\/\/www.mahlwerk.ch\/it\/wp-json\/wp\/v2\/comments?post=33"}],"version-history":[{"count":0,"href":"https:\/\/www.mahlwerk.ch\/it\/wp-json\/wp\/v2\/pages\/33\/revisions"}],"up":[{"embeddable":true,"href":"https:\/\/www.mahlwerk.ch\/it\/wp-json\/wp\/v2\/pages\/29"}],"wp:attachment":[{"href":"https:\/\/www.mahlwerk.ch\/it\/wp-json\/wp\/v2\/media?parent=33"}],"curies":[{"name":"wp","href":"https:\/\/api.w.org\/{rel}","templated":true}]}}