{"id":72,"date":"2016-11-30T10:52:40","date_gmt":"2016-11-30T09:52:40","guid":{"rendered":"https:\/\/mahlwerk.ch\/webseite\/?page_id=72"},"modified":"2023-09-04T10:44:36","modified_gmt":"2023-09-04T08:44:36","slug":"impressum","status":"publish","type":"page","link":"https:\/\/www.mahlwerk.ch\/it\/impressum\/","title":{"rendered":"Impronta"},"content":{"rendered":"<style type=\"text\/css\" data-created_by=\"avia_inline_auto\" id=\"style-css-av-243sk-9354fece630db3d97b09b10cf9980459\">\n.flex_column.av-243sk-9354fece630db3d97b09b10cf9980459{\nborder-radius:0px 0px 0px 0px;\npadding:0px 0px 0px 0px;\n}\n<\/style>\n<div  class='flex_column av-243sk-9354fece630db3d97b09b10cf9980459 av_two_third  avia-builder-el-0  el_before_av_one_third  avia-builder-el-first  first flex_column_div av-zero-column-padding'     ><p>\n<style type=\"text\/css\" data-created_by=\"avia_inline_auto\" id=\"style-css-av-sa9k-ce9775d29903577a738dfe5f7e7b27ff\">\n#top .av-special-heading.av-sa9k-ce9775d29903577a738dfe5f7e7b27ff{\npadding-bottom:20px;\n}\nbody .av-special-heading.av-sa9k-ce9775d29903577a738dfe5f7e7b27ff .av-special-heading-tag .heading-char{\nfont-size:25px;\n}\n.av-special-heading.av-sa9k-ce9775d29903577a738dfe5f7e7b27ff .av-subheading{\nfont-size:15px;\n}\n<\/style>\n<div  class='av-special-heading av-sa9k-ce9775d29903577a738dfe5f7e7b27ff av-special-heading-h1 blockquote modern-quote  avia-builder-el-1  el_before_av_textblock  avia-builder-el-first'><h1 class='av-special-heading-tag'  itemprop=\"headline\"  >Impronta<\/h1><div class=\"special-heading-border\"><div class=\"special-heading-inner-border\"><\/div><\/div><\/div><br \/>\n<section  class='av_textblock_section av-1ksks-776a0981177e52bb6282d8870aa4ac64'   itemscope=\"itemscope\" itemtype=\"https:\/\/schema.org\/CreativeWork\" ><div class='avia_textblock'  itemprop=\"text\" ><h2>Indirizzo di contatto<\/h2>\n<p>Spruchreif GmbH<br \/>\nR\u00fcsseckstrasse 3<br \/>\n4800 Zofingen<br \/>\nSvizzera<br \/>\n&#107;&#x6f;&#110;&#x74;a&#x6b;t&#64;&#x73;&#112;&#x72;u&#x63;h&#114;&#x65;&#105;&#x66;&#46;&#x63;h<\/p>\n<h2>Disclaimer<\/h2>\n<p>L'autore non si assume alcuna responsabilit\u00e0 per quanto riguarda la correttezza, la precisione, l'attualit\u00e0, l'affidabilit\u00e0 e la completezza delle informazioni.<\/p>\n<p>I reclami di responsabilit\u00e0 per danni causati dall'uso di qualsiasi informazione fornita, incluso qualsiasi tipo di informazione incompleta o errata, saranno quindi respinti.<\/p>\n<p>Tutte le offerte non sono vincolanti. L'autore si riserva espressamente il diritto di cambiare, completare o cancellare parti delle pagine o l'intera offerta senza annuncio separato o di cessare la pubblicazione temporaneamente o permanentemente.<\/p>\n<h2>Responsabilit\u00e0 per i link<\/h2>\n<p>I riferimenti e i link a siti web di terzi sono al di fuori della nostra area di responsabilit\u00e0 e decliniamo ogni responsabilit\u00e0 per tali siti. L'accesso e l'uso di tali siti web \u00e8 a rischio e pericolo dell'utente.<\/p>\n<h2>Copyright<\/h2>\n<p>Il copyright e tutti gli altri diritti su contenuti, immagini, foto o altri file sul sito web appartengono esclusivamente a <strong>di Spruchreif GmbH<\/strong> o i detentori del copyright specificamente nominati. Il consenso scritto dei detentori del copyright deve essere ottenuto in anticipo per la riproduzione di qualsiasi elemento.<\/p>\n<h2>Protezione dei dati<\/h2>\n<p>Qui troverete i nostri <a href=\"https:\/\/www.mahlwerk.ch\/it\/datenschutzerklaerung\/\">Informativa sulla privacy<\/a>.<\/p>\n<\/div><\/section><\/p><\/div>\n<style type=\"text\/css\" data-created_by=\"avia_inline_auto\" id=\"style-css-av-2ow4-6c3a7babec92641ef1862d0beb1bcc4b\">\n.flex_column.av-2ow4-6c3a7babec92641ef1862d0beb1bcc4b{\nborder-radius:0px 0px 0px 0px;\npadding:0px 0px 0px 0px;\n}\n<\/style>\n<div  class='flex_column av-2ow4-6c3a7babec92641ef1862d0beb1bcc4b av_one_third  avia-builder-el-3  el_after_av_two_third  el_before_av_textblock  flex_column_div av-zero-column-padding'     ><\/div><\/p>\n<section  class='av_textblock_section av-114jw-c1e3f831e06295e4fa033ed98033c31a'   itemscope=\"itemscope\" itemtype=\"https:\/\/schema.org\/CreativeWork\" ><div class='avia_textblock'  itemprop=\"text\" ><\/div><\/section>\n\n<style type=\"text\/css\" data-created_by=\"avia_inline_auto\" id=\"style-css-av-2ow4-1-d1d401e4991cfd11b52e20948fc8039b\">\n.flex_column.av-2ow4-1-d1d401e4991cfd11b52e20948fc8039b{\nborder-radius:0px 0px 0px 0px;\npadding:0px 0px 0px 0px;\n}\n<\/style>\n<div  class='flex_column av-2ow4-1-d1d401e4991cfd11b52e20948fc8039b av_one_third  avia-builder-el-5  el_after_av_textblock  avia-builder-el-last  first flex_column_div av-zero-column-padding  column-top-margin'     ><\/div>","protected":false},"excerpt":{"rendered":"","protected":false},"author":1,"featured_media":0,"parent":0,"menu_order":0,"comment_status":"closed","ping_status":"closed","template":"","meta":{"footnotes":""},"class_list":["post-72","page","type-page","status-publish","hentry"],"yoast_head":"<!-- This site is optimized with the Yoast SEO plugin v27.6 - https:\/\/yoast.com\/product\/yoast-seo-wordpress\/ -->\n<title>Impressum - Mahlwerk<\/title>\n<meta name=\"description\" content=\"Die Webseite wurde realisiert durch die Firma Spruchreif GmbH, Bluestweg 12, 4803 Vordemwald, kontakt@spruchreif.ch.\" \/>\n<meta name=\"robots\" content=\"index, follow, max-snippet:-1, max-image-preview:large, max-video-preview:-1\" \/>\n<link rel=\"canonical\" href=\"https:\/\/www.mahlwerk.ch\/it\/impressum\/\" \/>\n<meta property=\"og:locale\" content=\"it_IT\" \/>\n<meta property=\"og:type\" content=\"article\" \/>\n<meta property=\"og:title\" content=\"Impressum - Mahlwerk\" \/>\n<meta property=\"og:description\" content=\"Die Webseite wurde realisiert durch die Firma Spruchreif GmbH, Bluestweg 12, 4803 Vordemwald, kontakt@spruchreif.ch.\" \/>\n<meta property=\"og:url\" content=\"https:\/\/www.mahlwerk.ch\/it\/impressum\/\" \/>\n<meta property=\"og:site_name\" content=\"Keramikm\u00fchlen von Mahlwerk\" \/>\n<meta property=\"article:modified_time\" content=\"2023-09-04T08:44:36+00:00\" \/>\n<meta name=\"twitter:card\" content=\"summary_large_image\" \/>\n<meta name=\"twitter:label1\" content=\"Tempo di lettura stimato\" \/>\n\t<meta name=\"twitter:data1\" content=\"3 minuti\" \/>\n<script type=\"application\/ld+json\" class=\"yoast-schema-graph\">{\"@context\":\"https:\\\/\\\/schema.org\",\"@graph\":[{\"@type\":\"WebPage\",\"@id\":\"https:\\\/\\\/www.mahlwerk.ch\\\/impressum\\\/\",\"url\":\"https:\\\/\\\/www.mahlwerk.ch\\\/impressum\\\/\",\"name\":\"Impressum - Mahlwerk\",\"isPartOf\":{\"@id\":\"https:\\\/\\\/www.mahlwerk.ch\\\/#website\"},\"datePublished\":\"2016-11-30T09:52:40+00:00\",\"dateModified\":\"2023-09-04T08:44:36+00:00\",\"description\":\"Die Webseite wurde realisiert durch die Firma Spruchreif GmbH, Bluestweg 12, 4803 Vordemwald, kontakt@spruchreif.ch.\",\"breadcrumb\":{\"@id\":\"https:\\\/\\\/www.mahlwerk.ch\\\/impressum\\\/#breadcrumb\"},\"inLanguage\":\"it-IT\",\"potentialAction\":[{\"@type\":\"ReadAction\",\"target\":[\"https:\\\/\\\/www.mahlwerk.ch\\\/impressum\\\/\"]}]},{\"@type\":\"BreadcrumbList\",\"@id\":\"https:\\\/\\\/www.mahlwerk.ch\\\/impressum\\\/#breadcrumb\",\"itemListElement\":[{\"@type\":\"ListItem\",\"position\":1,\"name\":\"Startseite\",\"item\":\"https:\\\/\\\/www.mahlwerk.ch\\\/keramikmahlwerk\\\/\"},{\"@type\":\"ListItem\",\"position\":2,\"name\":\"Impressum\"}]},{\"@type\":\"WebSite\",\"@id\":\"https:\\\/\\\/www.mahlwerk.ch\\\/#website\",\"url\":\"https:\\\/\\\/www.mahlwerk.ch\\\/\",\"name\":\"Keramikm\u00fchlen f\u00fcr Pfeffer und Gew\u00fcrze aus der Schweiz\",\"description\":\"Pfefferm\u00fchlen aus schweizer Massivholz\",\"alternateName\":\"Hochwertige Pfefferm\u00fchlen mit Keramikmahlwerk\",\"potentialAction\":[{\"@type\":\"SearchAction\",\"target\":{\"@type\":\"EntryPoint\",\"urlTemplate\":\"https:\\\/\\\/www.mahlwerk.ch\\\/?s={search_term_string}\"},\"query-input\":{\"@type\":\"PropertyValueSpecification\",\"valueRequired\":true,\"valueName\":\"search_term_string\"}}],\"inLanguage\":\"it-IT\"}]}<\/script>\n<!-- \/ Yoast SEO plugin. -->","yoast_head_json":{"title":"Impronta - Mulino di macinazione","description":"Il sito \u00e8 stato realizzato da Spruchreif GmbH, Bluestweg 12, 4803 Vordemwald, kontakt@spruchreif.ch.","robots":{"index":"index","follow":"follow","max-snippet":"max-snippet:-1","max-image-preview":"max-image-preview:large","max-video-preview":"max-video-preview:-1"},"canonical":"https:\/\/www.mahlwerk.ch\/it\/impressum\/","og_locale":"it_IT","og_type":"article","og_title":"Impressum - Mahlwerk","og_description":"Die Webseite wurde realisiert durch die Firma Spruchreif GmbH, Bluestweg 12, 4803 Vordemwald, kontakt@spruchreif.ch.","og_url":"https:\/\/www.mahlwerk.ch\/it\/impressum\/","og_site_name":"Keramikm\u00fchlen von Mahlwerk","article_modified_time":"2023-09-04T08:44:36+00:00","twitter_card":"summary_large_image","twitter_misc":{"Tempo di lettura stimato":"3 minuti"},"schema":{"@context":"https:\/\/schema.org","@graph":[{"@type":"WebPage","@id":"https:\/\/www.mahlwerk.ch\/impressum\/","url":"https:\/\/www.mahlwerk.ch\/impressum\/","name":"Impronta - Mulino di macinazione","isPartOf":{"@id":"https:\/\/www.mahlwerk.ch\/#website"},"datePublished":"2016-11-30T09:52:40+00:00","dateModified":"2023-09-04T08:44:36+00:00","description":"Il sito \u00e8 stato realizzato da Spruchreif GmbH, Bluestweg 12, 4803 Vordemwald, kontakt@spruchreif.ch.","breadcrumb":{"@id":"https:\/\/www.mahlwerk.ch\/impressum\/#breadcrumb"},"inLanguage":"it-IT","potentialAction":[{"@type":"ReadAction","target":["https:\/\/www.mahlwerk.ch\/impressum\/"]}]},{"@type":"BreadcrumbList","@id":"https:\/\/www.mahlwerk.ch\/impressum\/#breadcrumb","itemListElement":[{"@type":"ListItem","position":1,"name":"Startseite","item":"https:\/\/www.mahlwerk.ch\/keramikmahlwerk\/"},{"@type":"ListItem","position":2,"name":"Impressum"}]},{"@type":"WebSite","@id":"https:\/\/www.mahlwerk.ch\/#website","url":"https:\/\/www.mahlwerk.ch\/","name":"Keramikm\u00fchlen f\u00fcr Pfeffer und Gew\u00fcrze aus der Schweiz","description":"Pfefferm\u00fchlen aus schweizer Massivholz","alternateName":"Hochwertige Pfefferm\u00fchlen mit Keramikmahlwerk","potentialAction":[{"@type":"SearchAction","target":{"@type":"EntryPoint","urlTemplate":"https:\/\/www.mahlwerk.ch\/?s={search_term_string}"},"query-input":{"@type":"PropertyValueSpecification","valueRequired":true,"valueName":"search_term_string"}}],"inLanguage":"it-IT"}]}},"_links":{"self":[{"href":"https:\/\/www.mahlwerk.ch\/it\/wp-json\/wp\/v2\/pages\/72","targetHints":{"allow":["GET"]}}],"collection":[{"href":"https:\/\/www.mahlwerk.ch\/it\/wp-json\/wp\/v2\/pages"}],"about":[{"href":"https:\/\/www.mahlwerk.ch\/it\/wp-json\/wp\/v2\/types\/page"}],"author":[{"embeddable":true,"href":"https:\/\/www.mahlwerk.ch\/it\/wp-json\/wp\/v2\/users\/1"}],"replies":[{"embeddable":true,"href":"https:\/\/www.mahlwerk.ch\/it\/wp-json\/wp\/v2\/comments?post=72"}],"version-history":[{"count":4,"href":"https:\/\/www.mahlwerk.ch\/it\/wp-json\/wp\/v2\/pages\/72\/revisions"}],"predecessor-version":[{"id":8988,"href":"https:\/\/www.mahlwerk.ch\/it\/wp-json\/wp\/v2\/pages\/72\/revisions\/8988"}],"wp:attachment":[{"href":"https:\/\/www.mahlwerk.ch\/it\/wp-json\/wp\/v2\/media?parent=72"}],"curies":[{"name":"wp","href":"https:\/\/api.w.org\/{rel}","templated":true}]}}