{"id":9671,"date":"2026-02-17T19:55:43","date_gmt":"2026-02-17T18:55:43","guid":{"rendered":"https:\/\/www.mahlwerk.ch\/?page_id=9671"},"modified":"2026-02-17T19:57:14","modified_gmt":"2026-02-17T18:57:14","slug":"test","status":"publish","type":"page","link":"https:\/\/www.mahlwerk.ch\/it\/test\/","title":{"rendered":"Test"},"content":{"rendered":"<style type=\"text\/css\" data-created_by=\"avia_inline_auto\" id=\"style-css-av-mlqyrbqu-24c4b768714826e44209c4ec5ede1ef4\">\n.avia-section.av-mlqyrbqu-24c4b768714826e44209c4ec5ede1ef4{\nbackground-repeat:no-repeat;\nbackground-image:url(https:\/\/www.mahlwerk.ch\/webseite\/wp-content\/uploads\/2024\/11\/pfeffer-massivholz-muehle-esche-nussbaum.jpg);\nbackground-position:50% 0%;\nbackground-attachment:scroll;\n}\n<\/style>\n<div id='av_section_1'  class='avia-section av-mlqyrbqu-24c4b768714826e44209c4ec5ede1ef4 main_color avia-section-default avia-no-border-styling  avia-builder-el-0  avia-builder-el-no-sibling  avia-full-contain avia-bg-style-scroll av-minimum-height av-minimum-height-100 av-height-100  container_wrap fullsize'  data-section-bg-repeat='contain' data-av_minimum_height_pc='100' data-av_min_height_opt='100'><div class='container av-section-cont-open' ><main  role=\"main\" itemprop=\"mainContentOfPage\"  class='template-page content  av-content-full alpha units'><div class='post-entry post-entry-type-page post-entry-9671'><div class='entry-content-wrapper clearfix'>\n\n<style type=\"text\/css\" data-created_by=\"avia_inline_auto\" id=\"style-css-av-mlqysylz-b06b93aa7a3f1b28b28e811b67d0af10\">\n#top .av-special-heading.av-mlqysylz-b06b93aa7a3f1b28b28e811b67d0af10{\npadding-bottom:10px;\nfont-size:7vw;\n}\nbody .av-special-heading.av-mlqysylz-b06b93aa7a3f1b28b28e811b67d0af10 .av-special-heading-tag .heading-char{\nfont-size:25px;\n}\n#top #wrap_all .av-special-heading.av-mlqysylz-b06b93aa7a3f1b28b28e811b67d0af10 .av-special-heading-tag{\nfont-size:7vw;\n}\n.av-special-heading.av-mlqysylz-b06b93aa7a3f1b28b28e811b67d0af10 .av-subheading{\nfont-size:15px;\n}\n\n@media only screen and (min-width: 480px) and (max-width: 767px){ \n#top #wrap_all .av-special-heading.av-mlqysylz-b06b93aa7a3f1b28b28e811b67d0af10 .av-special-heading-tag{\nfont-size:0.8em;\n}\n}\n\n@media only screen and (max-width: 479px){ \n#top #wrap_all .av-special-heading.av-mlqysylz-b06b93aa7a3f1b28b28e811b67d0af10 .av-special-heading-tag{\nfont-size:0.8em;\n}\n}\n<\/style>\n<div  class='av-special-heading av-mlqysylz-b06b93aa7a3f1b28b28e811b67d0af10 av-special-heading-h1 blockquote modern-quote modern-centered  avia-builder-el-1  avia-builder-el-no-sibling  av-inherit-size'><h1 class='av-special-heading-tag'  itemprop=\"headline\"  >Das ist ein Titel<\/h1><div class=\"special-heading-border\"><div class=\"special-heading-inner-border\"><\/div><\/div><\/div>","protected":false},"excerpt":{"rendered":"","protected":false},"author":1,"featured_media":0,"parent":0,"menu_order":0,"comment_status":"closed","ping_status":"closed","template":"","meta":{"footnotes":""},"class_list":["post-9671","page","type-page","status-publish","hentry"],"yoast_head":"<!-- This site is optimized with the Yoast SEO plugin v27.3 - https:\/\/yoast.com\/product\/yoast-seo-wordpress\/ -->\n<title>Test - Keramikm\u00fchlen von Mahlwerk<\/title>\n<meta name=\"robots\" content=\"index, follow, max-snippet:-1, max-image-preview:large, max-video-preview:-1\" \/>\n<link rel=\"canonical\" href=\"https:\/\/www.mahlwerk.ch\/it\/test\/\" \/>\n<meta property=\"og:locale\" content=\"it_IT\" \/>\n<meta property=\"og:type\" content=\"article\" \/>\n<meta property=\"og:title\" content=\"Test - Keramikm\u00fchlen von Mahlwerk\" \/>\n<meta property=\"og:url\" content=\"https:\/\/www.mahlwerk.ch\/it\/test\/\" \/>\n<meta property=\"og:site_name\" content=\"Keramikm\u00fchlen von Mahlwerk\" \/>\n<meta property=\"article:modified_time\" content=\"2026-02-17T18:57:14+00:00\" \/>\n<meta name=\"twitter:card\" content=\"summary_large_image\" \/>\n<meta name=\"twitter:label1\" content=\"Tempo di lettura stimato\" \/>\n\t<meta name=\"twitter:data1\" content=\"1 minuto\" \/>\n<script type=\"application\/ld+json\" class=\"yoast-schema-graph\">{\"@context\":\"https:\\\/\\\/schema.org\",\"@graph\":[{\"@type\":\"WebPage\",\"@id\":\"https:\\\/\\\/www.mahlwerk.ch\\\/test\\\/\",\"url\":\"https:\\\/\\\/www.mahlwerk.ch\\\/test\\\/\",\"name\":\"Test - Keramikm\u00fchlen von Mahlwerk\",\"isPartOf\":{\"@id\":\"https:\\\/\\\/www.mahlwerk.ch\\\/#website\"},\"datePublished\":\"2026-02-17T18:55:43+00:00\",\"dateModified\":\"2026-02-17T18:57:14+00:00\",\"breadcrumb\":{\"@id\":\"https:\\\/\\\/www.mahlwerk.ch\\\/test\\\/#breadcrumb\"},\"inLanguage\":\"it-IT\",\"potentialAction\":[{\"@type\":\"ReadAction\",\"target\":[\"https:\\\/\\\/www.mahlwerk.ch\\\/test\\\/\"]}]},{\"@type\":\"BreadcrumbList\",\"@id\":\"https:\\\/\\\/www.mahlwerk.ch\\\/test\\\/#breadcrumb\",\"itemListElement\":[{\"@type\":\"ListItem\",\"position\":1,\"name\":\"Startseite\",\"item\":\"https:\\\/\\\/www.mahlwerk.ch\\\/keramikmahlwerk\\\/\"},{\"@type\":\"ListItem\",\"position\":2,\"name\":\"Test\"}]},{\"@type\":\"WebSite\",\"@id\":\"https:\\\/\\\/www.mahlwerk.ch\\\/#website\",\"url\":\"https:\\\/\\\/www.mahlwerk.ch\\\/\",\"name\":\"Keramikm\u00fchlen f\u00fcr Pfeffer und Gew\u00fcrze aus der Schweiz\",\"description\":\"Pfefferm\u00fchlen aus schweizer Massivholz\",\"alternateName\":\"Hochwertige Pfefferm\u00fchlen mit Keramikmahlwerk\",\"potentialAction\":[{\"@type\":\"SearchAction\",\"target\":{\"@type\":\"EntryPoint\",\"urlTemplate\":\"https:\\\/\\\/www.mahlwerk.ch\\\/?s={search_term_string}\"},\"query-input\":{\"@type\":\"PropertyValueSpecification\",\"valueRequired\":true,\"valueName\":\"search_term_string\"}}],\"inLanguage\":\"it-IT\"}]}<\/script>\n<!-- \/ Yoast SEO plugin. -->","yoast_head_json":{"title":"Test - Keramikm\u00fchlen von Mahlwerk","robots":{"index":"index","follow":"follow","max-snippet":"max-snippet:-1","max-image-preview":"max-image-preview:large","max-video-preview":"max-video-preview:-1"},"canonical":"https:\/\/www.mahlwerk.ch\/it\/test\/","og_locale":"it_IT","og_type":"article","og_title":"Test - Keramikm\u00fchlen von Mahlwerk","og_url":"https:\/\/www.mahlwerk.ch\/it\/test\/","og_site_name":"Keramikm\u00fchlen von Mahlwerk","article_modified_time":"2026-02-17T18:57:14+00:00","twitter_card":"summary_large_image","twitter_misc":{"Tempo di lettura stimato":"1 minuto"},"schema":{"@context":"https:\/\/schema.org","@graph":[{"@type":"WebPage","@id":"https:\/\/www.mahlwerk.ch\/test\/","url":"https:\/\/www.mahlwerk.ch\/test\/","name":"Test - Keramikm\u00fchlen von Mahlwerk","isPartOf":{"@id":"https:\/\/www.mahlwerk.ch\/#website"},"datePublished":"2026-02-17T18:55:43+00:00","dateModified":"2026-02-17T18:57:14+00:00","breadcrumb":{"@id":"https:\/\/www.mahlwerk.ch\/test\/#breadcrumb"},"inLanguage":"it-IT","potentialAction":[{"@type":"ReadAction","target":["https:\/\/www.mahlwerk.ch\/test\/"]}]},{"@type":"BreadcrumbList","@id":"https:\/\/www.mahlwerk.ch\/test\/#breadcrumb","itemListElement":[{"@type":"ListItem","position":1,"name":"Startseite","item":"https:\/\/www.mahlwerk.ch\/keramikmahlwerk\/"},{"@type":"ListItem","position":2,"name":"Test"}]},{"@type":"WebSite","@id":"https:\/\/www.mahlwerk.ch\/#website","url":"https:\/\/www.mahlwerk.ch\/","name":"Keramikm\u00fchlen f\u00fcr Pfeffer und Gew\u00fcrze aus der Schweiz","description":"Pfefferm\u00fchlen aus schweizer Massivholz","alternateName":"Hochwertige Pfefferm\u00fchlen mit Keramikmahlwerk","potentialAction":[{"@type":"SearchAction","target":{"@type":"EntryPoint","urlTemplate":"https:\/\/www.mahlwerk.ch\/?s={search_term_string}"},"query-input":{"@type":"PropertyValueSpecification","valueRequired":true,"valueName":"search_term_string"}}],"inLanguage":"it-IT"}]}},"_links":{"self":[{"href":"https:\/\/www.mahlwerk.ch\/it\/wp-json\/wp\/v2\/pages\/9671","targetHints":{"allow":["GET"]}}],"collection":[{"href":"https:\/\/www.mahlwerk.ch\/it\/wp-json\/wp\/v2\/pages"}],"about":[{"href":"https:\/\/www.mahlwerk.ch\/it\/wp-json\/wp\/v2\/types\/page"}],"author":[{"embeddable":true,"href":"https:\/\/www.mahlwerk.ch\/it\/wp-json\/wp\/v2\/users\/1"}],"replies":[{"embeddable":true,"href":"https:\/\/www.mahlwerk.ch\/it\/wp-json\/wp\/v2\/comments?post=9671"}],"version-history":[{"count":5,"href":"https:\/\/www.mahlwerk.ch\/it\/wp-json\/wp\/v2\/pages\/9671\/revisions"}],"predecessor-version":[{"id":9673,"href":"https:\/\/www.mahlwerk.ch\/it\/wp-json\/wp\/v2\/pages\/9671\/revisions\/9673"}],"wp:attachment":[{"href":"https:\/\/www.mahlwerk.ch\/it\/wp-json\/wp\/v2\/media?parent=9671"}],"curies":[{"name":"wp","href":"https:\/\/api.w.org\/{rel}","templated":true}]}}