{"id":133,"date":"2016-12-01T21:11:05","date_gmt":"2016-12-01T20:11:05","guid":{"rendered":"https:\/\/mahlwerk.ch\/webseite\/?post_type=product&#038;p=133"},"modified":"2025-11-05T10:59:13","modified_gmt":"2025-11-05T09:59:13","slug":"keramikmuehle-aus-birnenholz","status":"publish","type":"product","link":"https:\/\/www.mahlwerk.ch\/it\/produkt\/keramikmuehle-aus-birnenholz\/","title":{"rendered":"Mulino in ceramica a pera"},"content":{"rendered":"<p>Mulino in ceramica in vero legno di pero svizzero - unico per design e qualit\u00e0.<\/p>\n<p>Altezza: 21cm - Diametro: 5 cm.<\/p>\n<p>Il macina spezie in legno massiccio colpisce per il suo design semplice e senza tempo. Il mulino di legno \u00e8 fatto con legno regionale in una torneria dell'Oberland Bernese. Il grano unico rende ogni prodotto unico nel suo genere.<\/p>\n<p>Il cuore di ogni macinino \u00e8 un macinino in ceramica di alta qualit\u00e0 e regolabile all'infinito di CrushGrind. La ceramica \u00e8 pi\u00f9 dura dell'acciaio, insapore, durevole e antiruggine.<\/p>\n<p>Con il macinino in ceramica, varie spezie possono essere macinate senza problemi: Pepe, sale, peperoncino e molte altre spezie ed erbe secche.<\/p>\n<p><strong>Consegniamo solo in Svizzera.<\/strong><\/p>\n<p>&nbsp;<\/p>","protected":false},"excerpt":{"rendered":"<p>Keramikm\u00fchle aus echtem Schweizer Birnbaumholz &#8211; einzigartig in Design und Qualit\u00e4t. H\u00f6he: 21cm\u00a0 &#8211; Durchmesser: 5 cm. Die Massivholz Gew\u00fcrzm\u00fchle besticht durch ihr schlichtes und zeitloses Design. Die Holzm\u00fchle wird in einer Drechslerei im Berner Oberland aus regionalen H\u00f6lzern hergestellt. Durch die einzigartige Maserung wird jedes Produkt zum Unikat. Das Herzst\u00fcck jeder M\u00fchle ist ein [&hellip;]<\/p>\n","protected":false},"featured_media":7431,"template":"","meta":[],"product_brand":[],"product_cat":[129],"product_tag":[],"class_list":{"0":"post-133","1":"product","2":"type-product","3":"status-publish","4":"has-post-thumbnail","6":"product_cat-muehlen","8":"first","9":"instock","10":"taxable","11":"shipping-taxable","12":"purchasable","13":"product-type-simple"},"yoast_head":"<!-- This site is optimized with the Yoast SEO plugin v27.4 - https:\/\/yoast.com\/product\/yoast-seo-wordpress\/ -->\n<title>Keramikm\u00fchle aus Birnbaumholz - Mahlwerk<\/title>\n<meta name=\"description\" content=\"Keramikm\u00fchle aus echtem Schweizer Birnbaumholz - einzigartig in Design und Qualit\u00e4t. Hergestellt in einer Drechslerei im Bernern Oberland.\" \/>\n<meta name=\"robots\" content=\"index, follow, max-snippet:-1, max-image-preview:large, max-video-preview:-1\" \/>\n<link rel=\"canonical\" href=\"https:\/\/www.mahlwerk.ch\/it\/produkt\/keramikmuehle-aus-birnenholz\/\" \/>\n<meta property=\"og:locale\" content=\"it_IT\" \/>\n<meta property=\"og:type\" content=\"article\" \/>\n<meta property=\"og:title\" content=\"Keramikm\u00fchle aus Birnbaumholz - Mahlwerk\" \/>\n<meta property=\"og:description\" content=\"Keramikm\u00fchle aus echtem Schweizer Birnbaumholz - einzigartig in Design und Qualit\u00e4t. Hergestellt in einer Drechslerei im Bernern Oberland.\" \/>\n<meta property=\"og:url\" content=\"https:\/\/www.mahlwerk.ch\/it\/produkt\/keramikmuehle-aus-birnenholz\/\" \/>\n<meta property=\"og:site_name\" content=\"Keramikm\u00fchlen von Mahlwerk\" \/>\n<meta property=\"article:modified_time\" content=\"2025-11-05T09:59:13+00:00\" \/>\n<meta property=\"og:image\" content=\"https:\/\/www.mahlwerk.ch\/webseite\/wp-content\/uploads\/2016\/12\/pfeffermuele-keramikmahlwerk-schweizer-holz-birne-matt.jpg\" \/>\n\t<meta property=\"og:image:width\" content=\"2500\" \/>\n\t<meta property=\"og:image:height\" content=\"2500\" \/>\n\t<meta property=\"og:image:type\" content=\"image\/jpeg\" \/>\n<meta name=\"twitter:card\" content=\"summary_large_image\" \/>\n<meta name=\"twitter:label1\" content=\"Tempo di lettura stimato\" \/>\n\t<meta name=\"twitter:data1\" content=\"1 minuto\" \/>\n<script type=\"application\/ld+json\" class=\"yoast-schema-graph\">{\"@context\":\"https:\\\/\\\/schema.org\",\"@graph\":[{\"@type\":\"WebPage\",\"@id\":\"https:\\\/\\\/www.mahlwerk.ch\\\/produkt\\\/keramikmuehle-aus-birnenholz\\\/\",\"url\":\"https:\\\/\\\/www.mahlwerk.ch\\\/produkt\\\/keramikmuehle-aus-birnenholz\\\/\",\"name\":\"Keramikm\u00fchle aus Birnbaumholz - Mahlwerk\",\"isPartOf\":{\"@id\":\"https:\\\/\\\/www.mahlwerk.ch\\\/#website\"},\"primaryImageOfPage\":{\"@id\":\"https:\\\/\\\/www.mahlwerk.ch\\\/produkt\\\/keramikmuehle-aus-birnenholz\\\/#primaryimage\"},\"image\":{\"@id\":\"https:\\\/\\\/www.mahlwerk.ch\\\/produkt\\\/keramikmuehle-aus-birnenholz\\\/#primaryimage\"},\"thumbnailUrl\":\"https:\\\/\\\/www.mahlwerk.ch\\\/webseite\\\/wp-content\\\/uploads\\\/2016\\\/12\\\/pfeffermuele-keramikmahlwerk-schweizer-holz-birne-matt.jpg\",\"datePublished\":\"2016-12-01T20:11:05+00:00\",\"dateModified\":\"2025-11-05T09:59:13+00:00\",\"description\":\"Keramikm\u00fchle aus echtem Schweizer Birnbaumholz - einzigartig in Design und Qualit\u00e4t. Hergestellt in einer Drechslerei im Bernern Oberland.\",\"breadcrumb\":{\"@id\":\"https:\\\/\\\/www.mahlwerk.ch\\\/produkt\\\/keramikmuehle-aus-birnenholz\\\/#breadcrumb\"},\"inLanguage\":\"it-IT\",\"potentialAction\":[{\"@type\":\"ReadAction\",\"target\":[\"https:\\\/\\\/www.mahlwerk.ch\\\/produkt\\\/keramikmuehle-aus-birnenholz\\\/\"]}]},{\"@type\":\"ImageObject\",\"inLanguage\":\"it-IT\",\"@id\":\"https:\\\/\\\/www.mahlwerk.ch\\\/produkt\\\/keramikmuehle-aus-birnenholz\\\/#primaryimage\",\"url\":\"https:\\\/\\\/www.mahlwerk.ch\\\/webseite\\\/wp-content\\\/uploads\\\/2016\\\/12\\\/pfeffermuele-keramikmahlwerk-schweizer-holz-birne-matt.jpg\",\"contentUrl\":\"https:\\\/\\\/www.mahlwerk.ch\\\/webseite\\\/wp-content\\\/uploads\\\/2016\\\/12\\\/pfeffermuele-keramikmahlwerk-schweizer-holz-birne-matt.jpg\",\"width\":2500,\"height\":2500,\"caption\":\"Keramikm\u00fchle aus Birnbaumholz\"},{\"@type\":\"BreadcrumbList\",\"@id\":\"https:\\\/\\\/www.mahlwerk.ch\\\/produkt\\\/keramikmuehle-aus-birnenholz\\\/#breadcrumb\",\"itemListElement\":[{\"@type\":\"ListItem\",\"position\":1,\"name\":\"Startseite\",\"item\":\"https:\\\/\\\/www.mahlwerk.ch\\\/keramikmahlwerk\\\/\"},{\"@type\":\"ListItem\",\"position\":2,\"name\":\"Shop\",\"item\":\"https:\\\/\\\/www.mahlwerk.ch\\\/shop\\\/\"},{\"@type\":\"ListItem\",\"position\":3,\"name\":\"Keramikm\u00fchle aus Birnbaumholz\"}]},{\"@type\":\"WebSite\",\"@id\":\"https:\\\/\\\/www.mahlwerk.ch\\\/#website\",\"url\":\"https:\\\/\\\/www.mahlwerk.ch\\\/\",\"name\":\"Keramikm\u00fchlen f\u00fcr Pfeffer und Gew\u00fcrze aus der Schweiz\",\"description\":\"Pfefferm\u00fchlen aus schweizer Massivholz\",\"alternateName\":\"Hochwertige Pfefferm\u00fchlen mit Keramikmahlwerk\",\"potentialAction\":[{\"@type\":\"SearchAction\",\"target\":{\"@type\":\"EntryPoint\",\"urlTemplate\":\"https:\\\/\\\/www.mahlwerk.ch\\\/?s={search_term_string}\"},\"query-input\":{\"@type\":\"PropertyValueSpecification\",\"valueRequired\":true,\"valueName\":\"search_term_string\"}}],\"inLanguage\":\"it-IT\"}]}<\/script>\n<!-- \/ Yoast SEO plugin. -->","yoast_head_json":{"title":"Mulino in ceramica in legno di pero - meccanismo di macinazione","description":"Mulino in ceramica in vero legno di pero svizzero - unico per design e qualit\u00e0. Prodotto in una torneria dell'Oberland bernese.","robots":{"index":"index","follow":"follow","max-snippet":"max-snippet:-1","max-image-preview":"max-image-preview:large","max-video-preview":"max-video-preview:-1"},"canonical":"https:\/\/www.mahlwerk.ch\/it\/produkt\/keramikmuehle-aus-birnenholz\/","og_locale":"it_IT","og_type":"article","og_title":"Keramikm\u00fchle aus Birnbaumholz - Mahlwerk","og_description":"Keramikm\u00fchle aus echtem Schweizer Birnbaumholz - einzigartig in Design und Qualit\u00e4t. Hergestellt in einer Drechslerei im Bernern Oberland.","og_url":"https:\/\/www.mahlwerk.ch\/it\/produkt\/keramikmuehle-aus-birnenholz\/","og_site_name":"Keramikm\u00fchlen von Mahlwerk","article_modified_time":"2025-11-05T09:59:13+00:00","og_image":[{"width":2500,"height":2500,"url":"https:\/\/www.mahlwerk.ch\/webseite\/wp-content\/uploads\/2016\/12\/pfeffermuele-keramikmahlwerk-schweizer-holz-birne-matt.jpg","type":"image\/jpeg"}],"twitter_card":"summary_large_image","twitter_misc":{"Tempo di lettura stimato":"1 minuto"},"schema":{"@context":"https:\/\/schema.org","@graph":[{"@type":"WebPage","@id":"https:\/\/www.mahlwerk.ch\/produkt\/keramikmuehle-aus-birnenholz\/","url":"https:\/\/www.mahlwerk.ch\/produkt\/keramikmuehle-aus-birnenholz\/","name":"Mulino in ceramica in legno di pero - meccanismo di macinazione","isPartOf":{"@id":"https:\/\/www.mahlwerk.ch\/#website"},"primaryImageOfPage":{"@id":"https:\/\/www.mahlwerk.ch\/produkt\/keramikmuehle-aus-birnenholz\/#primaryimage"},"image":{"@id":"https:\/\/www.mahlwerk.ch\/produkt\/keramikmuehle-aus-birnenholz\/#primaryimage"},"thumbnailUrl":"https:\/\/www.mahlwerk.ch\/webseite\/wp-content\/uploads\/2016\/12\/pfeffermuele-keramikmahlwerk-schweizer-holz-birne-matt.jpg","datePublished":"2016-12-01T20:11:05+00:00","dateModified":"2025-11-05T09:59:13+00:00","description":"Mulino in ceramica in vero legno di pero svizzero - unico per design e qualit\u00e0. Prodotto in una torneria dell'Oberland bernese.","breadcrumb":{"@id":"https:\/\/www.mahlwerk.ch\/produkt\/keramikmuehle-aus-birnenholz\/#breadcrumb"},"inLanguage":"it-IT","potentialAction":[{"@type":"ReadAction","target":["https:\/\/www.mahlwerk.ch\/produkt\/keramikmuehle-aus-birnenholz\/"]}]},{"@type":"ImageObject","inLanguage":"it-IT","@id":"https:\/\/www.mahlwerk.ch\/produkt\/keramikmuehle-aus-birnenholz\/#primaryimage","url":"https:\/\/www.mahlwerk.ch\/webseite\/wp-content\/uploads\/2016\/12\/pfeffermuele-keramikmahlwerk-schweizer-holz-birne-matt.jpg","contentUrl":"https:\/\/www.mahlwerk.ch\/webseite\/wp-content\/uploads\/2016\/12\/pfeffermuele-keramikmahlwerk-schweizer-holz-birne-matt.jpg","width":2500,"height":2500,"caption":"Keramikm\u00fchle aus Birnbaumholz"},{"@type":"BreadcrumbList","@id":"https:\/\/www.mahlwerk.ch\/produkt\/keramikmuehle-aus-birnenholz\/#breadcrumb","itemListElement":[{"@type":"ListItem","position":1,"name":"Startseite","item":"https:\/\/www.mahlwerk.ch\/keramikmahlwerk\/"},{"@type":"ListItem","position":2,"name":"Shop","item":"https:\/\/www.mahlwerk.ch\/shop\/"},{"@type":"ListItem","position":3,"name":"Keramikm\u00fchle aus Birnbaumholz"}]},{"@type":"WebSite","@id":"https:\/\/www.mahlwerk.ch\/#website","url":"https:\/\/www.mahlwerk.ch\/","name":"Keramikm\u00fchlen f\u00fcr Pfeffer und Gew\u00fcrze aus der Schweiz","description":"Pfefferm\u00fchlen aus schweizer Massivholz","alternateName":"Hochwertige Pfefferm\u00fchlen mit Keramikmahlwerk","potentialAction":[{"@type":"SearchAction","target":{"@type":"EntryPoint","urlTemplate":"https:\/\/www.mahlwerk.ch\/?s={search_term_string}"},"query-input":{"@type":"PropertyValueSpecification","valueRequired":true,"valueName":"search_term_string"}}],"inLanguage":"it-IT"}]}},"_links":{"self":[{"href":"https:\/\/www.mahlwerk.ch\/it\/wp-json\/wp\/v2\/product\/133","targetHints":{"allow":["GET"]}}],"collection":[{"href":"https:\/\/www.mahlwerk.ch\/it\/wp-json\/wp\/v2\/product"}],"about":[{"href":"https:\/\/www.mahlwerk.ch\/it\/wp-json\/wp\/v2\/types\/product"}],"wp:featuredmedia":[{"embeddable":true,"href":"https:\/\/www.mahlwerk.ch\/it\/wp-json\/wp\/v2\/media\/7431"}],"wp:attachment":[{"href":"https:\/\/www.mahlwerk.ch\/it\/wp-json\/wp\/v2\/media?parent=133"}],"wp:term":[{"taxonomy":"product_brand","embeddable":true,"href":"https:\/\/www.mahlwerk.ch\/it\/wp-json\/wp\/v2\/product_brand?post=133"},{"taxonomy":"product_cat","embeddable":true,"href":"https:\/\/www.mahlwerk.ch\/it\/wp-json\/wp\/v2\/product_cat?post=133"},{"taxonomy":"product_tag","embeddable":true,"href":"https:\/\/www.mahlwerk.ch\/it\/wp-json\/wp\/v2\/product_tag?post=133"}],"curies":[{"name":"wp","href":"https:\/\/api.w.org\/{rel}","templated":true}]}}