{"id":7456,"date":"2021-11-21T15:45:06","date_gmt":"2021-11-21T14:45:06","guid":{"rendered":"https:\/\/www.mahlwerk.ch\/?post_type=product&#038;p=7456"},"modified":"2026-01-14T22:45:12","modified_gmt":"2026-01-14T21:45:12","slug":"eiche-und-esche","status":"publish","type":"product","link":"https:\/\/www.mahlwerk.ch\/it\/produkt\/eiche-und-esche\/","title":{"rendered":"Quercia e frassino"},"content":{"rendered":"<p>Mulini in ceramica in vero legno di quercia e frassino svizzero - unici per design e qualit\u00e0.<\/p>\n<p>Altezza: 21cm - Diametro: 5 cm.<\/p>\n<p>Il macina spezie in legno massiccio colpisce per il suo design semplice e senza tempo. Il mulino di legno \u00e8 fatto con legno regionale in una torneria dell'Oberland Bernese. Il grano unico rende ogni prodotto unico nel suo genere.<br \/>\nLa superficie ha una finitura laccata opaca di seta. La pulizia con un panno umido \u00e8 possibile senza problemi.<\/p>\n<p>Il cuore di ogni macinino \u00e8 un macinino in ceramica di alta qualit\u00e0 e regolabile all'infinito di CrushGrind. La ceramica \u00e8 pi\u00f9 dura dell'acciaio, insapore, durevole e antiruggine.<\/p>\n<p>Con il macinino in ceramica, varie spezie possono essere macinate senza problemi: Pepe, sale, peperoncino e molte altre spezie ed erbe secche.<\/p>\n<p><strong>Consegniamo solo in Svizzera.<\/strong><\/p>","protected":false},"excerpt":{"rendered":"<p>Keramikm\u00fchlen aus echtem Schweizer Eichenholz und Eschenholz &#8211; einzigartig in Design und Qualit\u00e4t. H\u00f6he: 21cm\u00a0 &#8211; Durchmesser: 5 cm. Die Massivholz Gew\u00fcrzm\u00fchle besticht durch ihr schlichtes und zeitloses Design. Die Holzm\u00fchle wird in einer Drechslerei im Berner Oberland aus regionalen H\u00f6lzern hergestellt. Durch die einzigartige Maserung wird jedes Produkt zum Unikat. Die Oberfl\u00e4che ist seidenmatt [&hellip;]<\/p>\n","protected":false},"featured_media":7457,"template":"","meta":[],"product_brand":[],"product_cat":[129],"product_tag":[],"class_list":{"0":"post-7456","1":"product","2":"type-product","3":"status-publish","4":"has-post-thumbnail","6":"product_cat-muehlen","8":"first","9":"instock","10":"sale","11":"taxable","12":"shipping-taxable","13":"purchasable","14":"product-type-simple"},"yoast_head":"<!-- This site is optimized with the Yoast SEO plugin v27.3 - https:\/\/yoast.com\/product\/yoast-seo-wordpress\/ -->\n<title>Keramikm\u00fchle aus Nussbaum und Esche - Mahlwerk<\/title>\n<meta name=\"description\" content=\"Keramikm\u00fchle aus Schweizer Nussbaum und Esche - einzigartig in Design und Qualit\u00e4t. Hergestellt in einer Drechslerei im Bernern Oberland.\" \/>\n<meta name=\"robots\" content=\"index, follow, max-snippet:-1, max-image-preview:large, max-video-preview:-1\" \/>\n<link rel=\"canonical\" href=\"https:\/\/www.mahlwerk.ch\/it\/produkt\/eiche-und-esche\/\" \/>\n<meta property=\"og:locale\" content=\"it_IT\" \/>\n<meta property=\"og:type\" content=\"article\" \/>\n<meta property=\"og:title\" content=\"Keramikm\u00fchle aus Nussbaum und Esche - Mahlwerk\" \/>\n<meta property=\"og:description\" content=\"Keramikm\u00fchle aus Schweizer Nussbaum und Esche - einzigartig in Design und Qualit\u00e4t. Hergestellt in einer Drechslerei im Bernern Oberland.\" \/>\n<meta property=\"og:url\" content=\"https:\/\/www.mahlwerk.ch\/it\/produkt\/eiche-und-esche\/\" \/>\n<meta property=\"og:site_name\" content=\"Keramikm\u00fchlen von Mahlwerk\" \/>\n<meta property=\"article:modified_time\" content=\"2026-01-14T21:45:12+00:00\" \/>\n<meta property=\"og:image\" content=\"https:\/\/www.mahlwerk.ch\/webseite\/wp-content\/uploads\/2021\/11\/pfeffermuehlen-keramikmahlwerk-schweizer-holz-eiche-esche.jpg\" \/>\n\t<meta property=\"og:image:width\" content=\"2500\" \/>\n\t<meta property=\"og:image:height\" content=\"2499\" \/>\n\t<meta property=\"og:image:type\" content=\"image\/jpeg\" \/>\n<meta name=\"twitter:card\" content=\"summary_large_image\" \/>\n<script type=\"application\/ld+json\" class=\"yoast-schema-graph\">{\"@context\":\"https:\\\/\\\/schema.org\",\"@graph\":[{\"@type\":\"WebPage\",\"@id\":\"https:\\\/\\\/www.mahlwerk.ch\\\/produkt\\\/eiche-und-esche\\\/\",\"url\":\"https:\\\/\\\/www.mahlwerk.ch\\\/produkt\\\/eiche-und-esche\\\/\",\"name\":\"Keramikm\u00fchle aus Nussbaum und Esche - Mahlwerk\",\"isPartOf\":{\"@id\":\"https:\\\/\\\/www.mahlwerk.ch\\\/#website\"},\"primaryImageOfPage\":{\"@id\":\"https:\\\/\\\/www.mahlwerk.ch\\\/produkt\\\/eiche-und-esche\\\/#primaryimage\"},\"image\":{\"@id\":\"https:\\\/\\\/www.mahlwerk.ch\\\/produkt\\\/eiche-und-esche\\\/#primaryimage\"},\"thumbnailUrl\":\"https:\\\/\\\/www.mahlwerk.ch\\\/webseite\\\/wp-content\\\/uploads\\\/2021\\\/11\\\/pfeffermuehlen-keramikmahlwerk-schweizer-holz-eiche-esche.jpg\",\"datePublished\":\"2021-11-21T14:45:06+00:00\",\"dateModified\":\"2026-01-14T21:45:12+00:00\",\"description\":\"Keramikm\u00fchle aus Schweizer Nussbaum und Esche - einzigartig in Design und Qualit\u00e4t. Hergestellt in einer Drechslerei im Bernern Oberland.\",\"breadcrumb\":{\"@id\":\"https:\\\/\\\/www.mahlwerk.ch\\\/produkt\\\/eiche-und-esche\\\/#breadcrumb\"},\"inLanguage\":\"it-IT\",\"potentialAction\":[{\"@type\":\"ReadAction\",\"target\":[\"https:\\\/\\\/www.mahlwerk.ch\\\/produkt\\\/eiche-und-esche\\\/\"]}]},{\"@type\":\"ImageObject\",\"inLanguage\":\"it-IT\",\"@id\":\"https:\\\/\\\/www.mahlwerk.ch\\\/produkt\\\/eiche-und-esche\\\/#primaryimage\",\"url\":\"https:\\\/\\\/www.mahlwerk.ch\\\/webseite\\\/wp-content\\\/uploads\\\/2021\\\/11\\\/pfeffermuehlen-keramikmahlwerk-schweizer-holz-eiche-esche.jpg\",\"contentUrl\":\"https:\\\/\\\/www.mahlwerk.ch\\\/webseite\\\/wp-content\\\/uploads\\\/2021\\\/11\\\/pfeffermuehlen-keramikmahlwerk-schweizer-holz-eiche-esche.jpg\",\"width\":2500,\"height\":2499},{\"@type\":\"BreadcrumbList\",\"@id\":\"https:\\\/\\\/www.mahlwerk.ch\\\/produkt\\\/eiche-und-esche\\\/#breadcrumb\",\"itemListElement\":[{\"@type\":\"ListItem\",\"position\":1,\"name\":\"Startseite\",\"item\":\"https:\\\/\\\/www.mahlwerk.ch\\\/keramikmahlwerk\\\/\"},{\"@type\":\"ListItem\",\"position\":2,\"name\":\"Shop\",\"item\":\"https:\\\/\\\/www.mahlwerk.ch\\\/shop\\\/\"},{\"@type\":\"ListItem\",\"position\":3,\"name\":\"Eiche und Esche\"}]},{\"@type\":\"WebSite\",\"@id\":\"https:\\\/\\\/www.mahlwerk.ch\\\/#website\",\"url\":\"https:\\\/\\\/www.mahlwerk.ch\\\/\",\"name\":\"Keramikm\u00fchlen f\u00fcr Pfeffer und Gew\u00fcrze aus der Schweiz\",\"description\":\"Pfefferm\u00fchlen aus schweizer Massivholz\",\"alternateName\":\"Hochwertige Pfefferm\u00fchlen mit Keramikmahlwerk\",\"potentialAction\":[{\"@type\":\"SearchAction\",\"target\":{\"@type\":\"EntryPoint\",\"urlTemplate\":\"https:\\\/\\\/www.mahlwerk.ch\\\/?s={search_term_string}\"},\"query-input\":{\"@type\":\"PropertyValueSpecification\",\"valueRequired\":true,\"valueName\":\"search_term_string\"}}],\"inLanguage\":\"it-IT\"}]}<\/script>\n<!-- \/ Yoast SEO plugin. -->","yoast_head_json":{"title":"Mulino in ceramica di noce e cenere - meccanismo di macinazione","description":"Mulino in ceramica in noce e frassino svizzero - unico per design e qualit\u00e0. Prodotto in una torneria dell'Oberland bernese.","robots":{"index":"index","follow":"follow","max-snippet":"max-snippet:-1","max-image-preview":"max-image-preview:large","max-video-preview":"max-video-preview:-1"},"canonical":"https:\/\/www.mahlwerk.ch\/it\/produkt\/eiche-und-esche\/","og_locale":"it_IT","og_type":"article","og_title":"Keramikm\u00fchle aus Nussbaum und Esche - Mahlwerk","og_description":"Keramikm\u00fchle aus Schweizer Nussbaum und Esche - einzigartig in Design und Qualit\u00e4t. Hergestellt in einer Drechslerei im Bernern Oberland.","og_url":"https:\/\/www.mahlwerk.ch\/it\/produkt\/eiche-und-esche\/","og_site_name":"Keramikm\u00fchlen von Mahlwerk","article_modified_time":"2026-01-14T21:45:12+00:00","og_image":[{"width":2500,"height":2499,"url":"https:\/\/www.mahlwerk.ch\/webseite\/wp-content\/uploads\/2021\/11\/pfeffermuehlen-keramikmahlwerk-schweizer-holz-eiche-esche.jpg","type":"image\/jpeg"}],"twitter_card":"summary_large_image","schema":{"@context":"https:\/\/schema.org","@graph":[{"@type":"WebPage","@id":"https:\/\/www.mahlwerk.ch\/produkt\/eiche-und-esche\/","url":"https:\/\/www.mahlwerk.ch\/produkt\/eiche-und-esche\/","name":"Mulino in ceramica di noce e cenere - meccanismo di macinazione","isPartOf":{"@id":"https:\/\/www.mahlwerk.ch\/#website"},"primaryImageOfPage":{"@id":"https:\/\/www.mahlwerk.ch\/produkt\/eiche-und-esche\/#primaryimage"},"image":{"@id":"https:\/\/www.mahlwerk.ch\/produkt\/eiche-und-esche\/#primaryimage"},"thumbnailUrl":"https:\/\/www.mahlwerk.ch\/webseite\/wp-content\/uploads\/2021\/11\/pfeffermuehlen-keramikmahlwerk-schweizer-holz-eiche-esche.jpg","datePublished":"2021-11-21T14:45:06+00:00","dateModified":"2026-01-14T21:45:12+00:00","description":"Mulino in ceramica in noce e frassino svizzero - unico per design e qualit\u00e0. Prodotto in una torneria dell'Oberland bernese.","breadcrumb":{"@id":"https:\/\/www.mahlwerk.ch\/produkt\/eiche-und-esche\/#breadcrumb"},"inLanguage":"it-IT","potentialAction":[{"@type":"ReadAction","target":["https:\/\/www.mahlwerk.ch\/produkt\/eiche-und-esche\/"]}]},{"@type":"ImageObject","inLanguage":"it-IT","@id":"https:\/\/www.mahlwerk.ch\/produkt\/eiche-und-esche\/#primaryimage","url":"https:\/\/www.mahlwerk.ch\/webseite\/wp-content\/uploads\/2021\/11\/pfeffermuehlen-keramikmahlwerk-schweizer-holz-eiche-esche.jpg","contentUrl":"https:\/\/www.mahlwerk.ch\/webseite\/wp-content\/uploads\/2021\/11\/pfeffermuehlen-keramikmahlwerk-schweizer-holz-eiche-esche.jpg","width":2500,"height":2499},{"@type":"BreadcrumbList","@id":"https:\/\/www.mahlwerk.ch\/produkt\/eiche-und-esche\/#breadcrumb","itemListElement":[{"@type":"ListItem","position":1,"name":"Startseite","item":"https:\/\/www.mahlwerk.ch\/keramikmahlwerk\/"},{"@type":"ListItem","position":2,"name":"Shop","item":"https:\/\/www.mahlwerk.ch\/shop\/"},{"@type":"ListItem","position":3,"name":"Eiche und Esche"}]},{"@type":"WebSite","@id":"https:\/\/www.mahlwerk.ch\/#website","url":"https:\/\/www.mahlwerk.ch\/","name":"Keramikm\u00fchlen f\u00fcr Pfeffer und Gew\u00fcrze aus der Schweiz","description":"Pfefferm\u00fchlen aus schweizer Massivholz","alternateName":"Hochwertige Pfefferm\u00fchlen mit Keramikmahlwerk","potentialAction":[{"@type":"SearchAction","target":{"@type":"EntryPoint","urlTemplate":"https:\/\/www.mahlwerk.ch\/?s={search_term_string}"},"query-input":{"@type":"PropertyValueSpecification","valueRequired":true,"valueName":"search_term_string"}}],"inLanguage":"it-IT"}]}},"_links":{"self":[{"href":"https:\/\/www.mahlwerk.ch\/it\/wp-json\/wp\/v2\/product\/7456","targetHints":{"allow":["GET"]}}],"collection":[{"href":"https:\/\/www.mahlwerk.ch\/it\/wp-json\/wp\/v2\/product"}],"about":[{"href":"https:\/\/www.mahlwerk.ch\/it\/wp-json\/wp\/v2\/types\/product"}],"wp:featuredmedia":[{"embeddable":true,"href":"https:\/\/www.mahlwerk.ch\/it\/wp-json\/wp\/v2\/media\/7457"}],"wp:attachment":[{"href":"https:\/\/www.mahlwerk.ch\/it\/wp-json\/wp\/v2\/media?parent=7456"}],"wp:term":[{"taxonomy":"product_brand","embeddable":true,"href":"https:\/\/www.mahlwerk.ch\/it\/wp-json\/wp\/v2\/product_brand?post=7456"},{"taxonomy":"product_cat","embeddable":true,"href":"https:\/\/www.mahlwerk.ch\/it\/wp-json\/wp\/v2\/product_cat?post=7456"},{"taxonomy":"product_tag","embeddable":true,"href":"https:\/\/www.mahlwerk.ch\/it\/wp-json\/wp\/v2\/product_tag?post=7456"}],"curies":[{"name":"wp","href":"https:\/\/api.w.org\/{rel}","templated":true}]}}