{"id":8161,"date":"2022-06-03T09:58:44","date_gmt":"2022-06-03T07:58:44","guid":{"rendered":"https:\/\/www.mahlwerk.ch\/?post_type=product&#038;p=8161"},"modified":"2025-11-11T16:14:57","modified_gmt":"2025-11-11T15:14:57","slug":"salzstreuer-aus-birnbaumholz","status":"publish","type":"product","link":"https:\/\/www.mahlwerk.ch\/it\/produkt\/salzstreuer-aus-birnbaumholz\/","title":{"rendered":"Saliniera in legno di pero"},"content":{"rendered":"<p>Saliniera in vero legno di pero svizzero, unica per design e qualit\u00e0.<\/p>\n<p>Altezza: 7 cm - Diametro: 4 cm.<\/p>\n<p>La saliera in legno massiccio colpisce per il suo design semplice e senza tempo. La saliera \u00e8 realizzata in legno regionale in un laboratorio di tornitura nell'Oberland bernese. La grana unica rende ogni prodotto unico nel suo genere.<\/p>\n<p><strong>Consegniamo solo in Svizzera.<\/strong><\/p>","protected":false},"excerpt":{"rendered":"<p>Salzstreuer aus echtem Schweizer Birnbaumholz &#8211; einzigartig in Design und Qualit\u00e4t. H\u00f6he: 7cm\u00a0 &#8211; Durchmesser: 4cm. Der Massivholz Salzstreuer besticht durch ihr schlichtes und zeitloses Design. Der Salzstreuer wird in einer Drechslerei im Berner Oberland aus regionalen H\u00f6lzern hergestellt. Durch die einzigartige Maserung wird jedes Produkt zum Unikat. Wir liefern nur in die Schweiz.<\/p>","protected":false},"featured_media":8163,"template":"","meta":[],"product_brand":[],"product_cat":[137],"product_tag":[],"class_list":{"0":"post-8161","1":"product","2":"type-product","3":"status-publish","4":"has-post-thumbnail","6":"product_cat-salzstreuer","8":"first","9":"instock","10":"taxable","11":"shipping-taxable","12":"purchasable","13":"product-type-simple"},"yoast_head":"<!-- This site is optimized with the Yoast SEO plugin v27.3 - https:\/\/yoast.com\/product\/yoast-seo-wordpress\/ -->\n<title>Keramikm\u00fchle aus Nussbaumholz - Mahlwerk<\/title>\n<meta name=\"description\" content=\"Keramikm\u00fchle aus echtem Schweizer Nussbaumholz - einzigartig in Design und Qualit\u00e4t. Hergestellt in einer Drechslerei im Bernern Oberland.\" \/>\n<meta name=\"robots\" content=\"index, follow, max-snippet:-1, max-image-preview:large, max-video-preview:-1\" \/>\n<link rel=\"canonical\" href=\"https:\/\/www.mahlwerk.ch\/it\/produkt\/salzstreuer-aus-birnbaumholz\/\" \/>\n<meta property=\"og:locale\" content=\"it_IT\" \/>\n<meta property=\"og:type\" content=\"article\" \/>\n<meta property=\"og:title\" content=\"Keramikm\u00fchle aus Nussbaumholz - Mahlwerk\" \/>\n<meta property=\"og:description\" content=\"Keramikm\u00fchle aus echtem Schweizer Nussbaumholz - einzigartig in Design und Qualit\u00e4t. Hergestellt in einer Drechslerei im Bernern Oberland.\" \/>\n<meta property=\"og:url\" content=\"https:\/\/www.mahlwerk.ch\/it\/produkt\/salzstreuer-aus-birnbaumholz\/\" \/>\n<meta property=\"og:site_name\" content=\"Keramikm\u00fchlen von Mahlwerk\" \/>\n<meta property=\"article:modified_time\" content=\"2025-11-11T15:14:57+00:00\" \/>\n<meta property=\"og:image\" content=\"https:\/\/www.mahlwerk.ch\/webseite\/wp-content\/uploads\/2022\/06\/birnbaumholz-salzstreuer.jpg\" \/>\n\t<meta property=\"og:image:width\" content=\"2500\" \/>\n\t<meta property=\"og:image:height\" content=\"2501\" \/>\n\t<meta property=\"og:image:type\" content=\"image\/jpeg\" \/>\n<meta name=\"twitter:card\" content=\"summary_large_image\" \/>\n<script type=\"application\/ld+json\" class=\"yoast-schema-graph\">{\"@context\":\"https:\\\/\\\/schema.org\",\"@graph\":[{\"@type\":\"WebPage\",\"@id\":\"https:\\\/\\\/www.mahlwerk.ch\\\/produkt\\\/salzstreuer-aus-birnbaumholz\\\/\",\"url\":\"https:\\\/\\\/www.mahlwerk.ch\\\/produkt\\\/salzstreuer-aus-birnbaumholz\\\/\",\"name\":\"Keramikm\u00fchle aus Nussbaumholz - Mahlwerk\",\"isPartOf\":{\"@id\":\"https:\\\/\\\/www.mahlwerk.ch\\\/#website\"},\"primaryImageOfPage\":{\"@id\":\"https:\\\/\\\/www.mahlwerk.ch\\\/produkt\\\/salzstreuer-aus-birnbaumholz\\\/#primaryimage\"},\"image\":{\"@id\":\"https:\\\/\\\/www.mahlwerk.ch\\\/produkt\\\/salzstreuer-aus-birnbaumholz\\\/#primaryimage\"},\"thumbnailUrl\":\"https:\\\/\\\/www.mahlwerk.ch\\\/webseite\\\/wp-content\\\/uploads\\\/2022\\\/06\\\/birnbaumholz-salzstreuer.jpg\",\"datePublished\":\"2022-06-03T07:58:44+00:00\",\"dateModified\":\"2025-11-11T15:14:57+00:00\",\"description\":\"Keramikm\u00fchle aus echtem Schweizer Nussbaumholz - einzigartig in Design und Qualit\u00e4t. Hergestellt in einer Drechslerei im Bernern Oberland.\",\"breadcrumb\":{\"@id\":\"https:\\\/\\\/www.mahlwerk.ch\\\/produkt\\\/salzstreuer-aus-birnbaumholz\\\/#breadcrumb\"},\"inLanguage\":\"it-IT\",\"potentialAction\":[{\"@type\":\"ReadAction\",\"target\":[\"https:\\\/\\\/www.mahlwerk.ch\\\/produkt\\\/salzstreuer-aus-birnbaumholz\\\/\"]}]},{\"@type\":\"ImageObject\",\"inLanguage\":\"it-IT\",\"@id\":\"https:\\\/\\\/www.mahlwerk.ch\\\/produkt\\\/salzstreuer-aus-birnbaumholz\\\/#primaryimage\",\"url\":\"https:\\\/\\\/www.mahlwerk.ch\\\/webseite\\\/wp-content\\\/uploads\\\/2022\\\/06\\\/birnbaumholz-salzstreuer.jpg\",\"contentUrl\":\"https:\\\/\\\/www.mahlwerk.ch\\\/webseite\\\/wp-content\\\/uploads\\\/2022\\\/06\\\/birnbaumholz-salzstreuer.jpg\",\"width\":2500,\"height\":2501},{\"@type\":\"BreadcrumbList\",\"@id\":\"https:\\\/\\\/www.mahlwerk.ch\\\/produkt\\\/salzstreuer-aus-birnbaumholz\\\/#breadcrumb\",\"itemListElement\":[{\"@type\":\"ListItem\",\"position\":1,\"name\":\"Startseite\",\"item\":\"https:\\\/\\\/www.mahlwerk.ch\\\/keramikmahlwerk\\\/\"},{\"@type\":\"ListItem\",\"position\":2,\"name\":\"Shop\",\"item\":\"https:\\\/\\\/www.mahlwerk.ch\\\/shop\\\/\"},{\"@type\":\"ListItem\",\"position\":3,\"name\":\"Salzstreuer aus Birnbaumholz\"}]},{\"@type\":\"WebSite\",\"@id\":\"https:\\\/\\\/www.mahlwerk.ch\\\/#website\",\"url\":\"https:\\\/\\\/www.mahlwerk.ch\\\/\",\"name\":\"Keramikm\u00fchlen f\u00fcr Pfeffer und Gew\u00fcrze aus der Schweiz\",\"description\":\"Pfefferm\u00fchlen aus schweizer Massivholz\",\"alternateName\":\"Hochwertige Pfefferm\u00fchlen mit Keramikmahlwerk\",\"potentialAction\":[{\"@type\":\"SearchAction\",\"target\":{\"@type\":\"EntryPoint\",\"urlTemplate\":\"https:\\\/\\\/www.mahlwerk.ch\\\/?s={search_term_string}\"},\"query-input\":{\"@type\":\"PropertyValueSpecification\",\"valueRequired\":true,\"valueName\":\"search_term_string\"}}],\"inLanguage\":\"it-IT\"}]}<\/script>\n<!-- \/ Yoast SEO plugin. -->","yoast_head_json":{"title":"Mulino in ceramica di noce - macinino","description":"Mulino in ceramica in vero noce svizzero - unico per design e qualit\u00e0. Prodotto in una torneria dell'Oberland bernese.","robots":{"index":"index","follow":"follow","max-snippet":"max-snippet:-1","max-image-preview":"max-image-preview:large","max-video-preview":"max-video-preview:-1"},"canonical":"https:\/\/www.mahlwerk.ch\/it\/produkt\/salzstreuer-aus-birnbaumholz\/","og_locale":"it_IT","og_type":"article","og_title":"Keramikm\u00fchle aus Nussbaumholz - Mahlwerk","og_description":"Keramikm\u00fchle aus echtem Schweizer Nussbaumholz - einzigartig in Design und Qualit\u00e4t. Hergestellt in einer Drechslerei im Bernern Oberland.","og_url":"https:\/\/www.mahlwerk.ch\/it\/produkt\/salzstreuer-aus-birnbaumholz\/","og_site_name":"Keramikm\u00fchlen von Mahlwerk","article_modified_time":"2025-11-11T15:14:57+00:00","og_image":[{"width":2500,"height":2501,"url":"https:\/\/www.mahlwerk.ch\/webseite\/wp-content\/uploads\/2022\/06\/birnbaumholz-salzstreuer.jpg","type":"image\/jpeg"}],"twitter_card":"summary_large_image","schema":{"@context":"https:\/\/schema.org","@graph":[{"@type":"WebPage","@id":"https:\/\/www.mahlwerk.ch\/produkt\/salzstreuer-aus-birnbaumholz\/","url":"https:\/\/www.mahlwerk.ch\/produkt\/salzstreuer-aus-birnbaumholz\/","name":"Mulino in ceramica di noce - macinino","isPartOf":{"@id":"https:\/\/www.mahlwerk.ch\/#website"},"primaryImageOfPage":{"@id":"https:\/\/www.mahlwerk.ch\/produkt\/salzstreuer-aus-birnbaumholz\/#primaryimage"},"image":{"@id":"https:\/\/www.mahlwerk.ch\/produkt\/salzstreuer-aus-birnbaumholz\/#primaryimage"},"thumbnailUrl":"https:\/\/www.mahlwerk.ch\/webseite\/wp-content\/uploads\/2022\/06\/birnbaumholz-salzstreuer.jpg","datePublished":"2022-06-03T07:58:44+00:00","dateModified":"2025-11-11T15:14:57+00:00","description":"Mulino in ceramica in vero noce svizzero - unico per design e qualit\u00e0. Prodotto in una torneria dell'Oberland bernese.","breadcrumb":{"@id":"https:\/\/www.mahlwerk.ch\/produkt\/salzstreuer-aus-birnbaumholz\/#breadcrumb"},"inLanguage":"it-IT","potentialAction":[{"@type":"ReadAction","target":["https:\/\/www.mahlwerk.ch\/produkt\/salzstreuer-aus-birnbaumholz\/"]}]},{"@type":"ImageObject","inLanguage":"it-IT","@id":"https:\/\/www.mahlwerk.ch\/produkt\/salzstreuer-aus-birnbaumholz\/#primaryimage","url":"https:\/\/www.mahlwerk.ch\/webseite\/wp-content\/uploads\/2022\/06\/birnbaumholz-salzstreuer.jpg","contentUrl":"https:\/\/www.mahlwerk.ch\/webseite\/wp-content\/uploads\/2022\/06\/birnbaumholz-salzstreuer.jpg","width":2500,"height":2501},{"@type":"BreadcrumbList","@id":"https:\/\/www.mahlwerk.ch\/produkt\/salzstreuer-aus-birnbaumholz\/#breadcrumb","itemListElement":[{"@type":"ListItem","position":1,"name":"Startseite","item":"https:\/\/www.mahlwerk.ch\/keramikmahlwerk\/"},{"@type":"ListItem","position":2,"name":"Shop","item":"https:\/\/www.mahlwerk.ch\/shop\/"},{"@type":"ListItem","position":3,"name":"Salzstreuer aus Birnbaumholz"}]},{"@type":"WebSite","@id":"https:\/\/www.mahlwerk.ch\/#website","url":"https:\/\/www.mahlwerk.ch\/","name":"Keramikm\u00fchlen f\u00fcr Pfeffer und Gew\u00fcrze aus der Schweiz","description":"Pfefferm\u00fchlen aus schweizer Massivholz","alternateName":"Hochwertige Pfefferm\u00fchlen mit Keramikmahlwerk","potentialAction":[{"@type":"SearchAction","target":{"@type":"EntryPoint","urlTemplate":"https:\/\/www.mahlwerk.ch\/?s={search_term_string}"},"query-input":{"@type":"PropertyValueSpecification","valueRequired":true,"valueName":"search_term_string"}}],"inLanguage":"it-IT"}]}},"_links":{"self":[{"href":"https:\/\/www.mahlwerk.ch\/it\/wp-json\/wp\/v2\/product\/8161","targetHints":{"allow":["GET"]}}],"collection":[{"href":"https:\/\/www.mahlwerk.ch\/it\/wp-json\/wp\/v2\/product"}],"about":[{"href":"https:\/\/www.mahlwerk.ch\/it\/wp-json\/wp\/v2\/types\/product"}],"wp:featuredmedia":[{"embeddable":true,"href":"https:\/\/www.mahlwerk.ch\/it\/wp-json\/wp\/v2\/media\/8163"}],"wp:attachment":[{"href":"https:\/\/www.mahlwerk.ch\/it\/wp-json\/wp\/v2\/media?parent=8161"}],"wp:term":[{"taxonomy":"product_brand","embeddable":true,"href":"https:\/\/www.mahlwerk.ch\/it\/wp-json\/wp\/v2\/product_brand?post=8161"},{"taxonomy":"product_cat","embeddable":true,"href":"https:\/\/www.mahlwerk.ch\/it\/wp-json\/wp\/v2\/product_cat?post=8161"},{"taxonomy":"product_tag","embeddable":true,"href":"https:\/\/www.mahlwerk.ch\/it\/wp-json\/wp\/v2\/product_tag?post=8161"}],"curies":[{"name":"wp","href":"https:\/\/api.w.org\/{rel}","templated":true}]}}