{"id":9243,"date":"2024-10-18T10:56:18","date_gmt":"2024-10-18T08:56:18","guid":{"rendered":"https:\/\/www.mahlwerk.ch\/?post_type=product&#038;p=9243"},"modified":"2025-11-27T11:20:24","modified_gmt":"2025-11-27T10:20:24","slug":"flaschenoeffner-aus-nussbaumholz","status":"publish","type":"product","link":"https:\/\/www.mahlwerk.ch\/it\/produkt\/flaschenoeffner-aus-nussbaumholz\/","title":{"rendered":"Flaschen\u00f6ffner aus Nussbaumholz"},"content":{"rendered":"<p>Flaschen\u00f6ffner aus echtem Schweizer Nussbaumholz \u2013 einzigartig in Design und Qualit\u00e4t.<\/p>\n<p>Die Massivholz besticht durch ihr schlichtes und zeitloses Design. Der Flaschen\u00f6ffner wird in einer Drechslerei im Berner Oberland aus regionalen H\u00f6lzern hergestellt. Durch die einzigartige Maserung wird jedes Produkt zum Unikat.<\/p>\n<p>Der \u00d6ffner ist aus Stahl.<\/p>\n<p>H\u00f6he: 15cm<\/p>\n<p><strong>Consegniamo solo in Svizzera.<\/strong><\/p>","protected":false},"excerpt":{"rendered":"<p>Flaschen\u00f6ffner aus echtem Schweizer Nussbaumholz \u2013 einzigartig in Design und Qualit\u00e4t. Die Massivholz besticht durch ihr schlichtes und zeitloses Design. Der Flaschen\u00f6ffner wird in einer Drechslerei im Berner Oberland aus regionalen H\u00f6lzern hergestellt. Durch die einzigartige Maserung wird jedes Produkt zum Unikat. Der \u00d6ffner ist aus Stahl. H\u00f6he: 15cm Wir liefern nur in die Schweiz.<\/p>","protected":false},"featured_media":9251,"template":"","meta":[],"product_brand":[],"product_cat":[140,139],"product_tag":[],"class_list":{"0":"post-9243","1":"product","2":"type-product","3":"status-publish","4":"has-post-thumbnail","6":"product_cat-flaschenoeffner","7":"product_cat-nussbaumholz","9":"first","10":"instock","11":"sale","12":"taxable","13":"shipping-taxable","14":"purchasable","15":"product-type-simple"},"yoast_head":"<!-- This site is optimized with the Yoast SEO plugin v27.5 - https:\/\/yoast.com\/product\/yoast-seo-wordpress\/ -->\n<title>Flaschen\u00f6ffner aus Nussbaumholz - Keramikm\u00fchlen von Mahlwerk<\/title>\n<meta name=\"robots\" content=\"index, follow, max-snippet:-1, max-image-preview:large, max-video-preview:-1\" \/>\n<link rel=\"canonical\" href=\"https:\/\/www.mahlwerk.ch\/it\/produkt\/flaschenoeffner-aus-nussbaumholz\/\" \/>\n<meta property=\"og:locale\" content=\"it_IT\" \/>\n<meta property=\"og:type\" content=\"article\" \/>\n<meta property=\"og:title\" content=\"Flaschen\u00f6ffner aus Nussbaumholz - Keramikm\u00fchlen von Mahlwerk\" \/>\n<meta property=\"og:description\" content=\"Flaschen\u00f6ffner aus echtem Schweizer Nussbaumholz \u2013 einzigartig in Design und Qualit\u00e4t. Die Massivholz besticht durch ihr schlichtes und zeitloses Design. Der Flaschen\u00f6ffner wird in einer Drechslerei im Berner Oberland aus regionalen H\u00f6lzern hergestellt. Durch die einzigartige Maserung wird jedes Produkt zum Unikat. Der \u00d6ffner ist aus Stahl. H\u00f6he: 15cm Wir liefern nur in die Schweiz.\" \/>\n<meta property=\"og:url\" content=\"https:\/\/www.mahlwerk.ch\/it\/produkt\/flaschenoeffner-aus-nussbaumholz\/\" \/>\n<meta property=\"og:site_name\" content=\"Keramikm\u00fchlen von Mahlwerk\" \/>\n<meta property=\"article:modified_time\" content=\"2025-11-27T10:20:24+00:00\" \/>\n<meta property=\"og:image\" content=\"https:\/\/www.mahlwerk.ch\/webseite\/wp-content\/uploads\/2024\/10\/flaschen-oeffner-qaudrat-1030x1030.jpg\" \/>\n\t<meta property=\"og:image:width\" content=\"1030\" \/>\n\t<meta property=\"og:image:height\" content=\"1030\" \/>\n\t<meta property=\"og:image:type\" content=\"image\/jpeg\" \/>\n<meta name=\"twitter:card\" content=\"summary_large_image\" \/>\n<meta name=\"twitter:label1\" content=\"Tempo di lettura stimato\" \/>\n\t<meta name=\"twitter:data1\" content=\"1 minuto\" \/>\n<script type=\"application\/ld+json\" class=\"yoast-schema-graph\">{\"@context\":\"https:\\\/\\\/schema.org\",\"@graph\":[{\"@type\":\"WebPage\",\"@id\":\"https:\\\/\\\/www.mahlwerk.ch\\\/produkt\\\/flaschenoeffner-aus-nussbaumholz\\\/\",\"url\":\"https:\\\/\\\/www.mahlwerk.ch\\\/produkt\\\/flaschenoeffner-aus-nussbaumholz\\\/\",\"name\":\"Flaschen\u00f6ffner aus Nussbaumholz - Keramikm\u00fchlen von Mahlwerk\",\"isPartOf\":{\"@id\":\"https:\\\/\\\/www.mahlwerk.ch\\\/#website\"},\"primaryImageOfPage\":{\"@id\":\"https:\\\/\\\/www.mahlwerk.ch\\\/produkt\\\/flaschenoeffner-aus-nussbaumholz\\\/#primaryimage\"},\"image\":{\"@id\":\"https:\\\/\\\/www.mahlwerk.ch\\\/produkt\\\/flaschenoeffner-aus-nussbaumholz\\\/#primaryimage\"},\"thumbnailUrl\":\"https:\\\/\\\/www.mahlwerk.ch\\\/webseite\\\/wp-content\\\/uploads\\\/2024\\\/10\\\/flaschen-oeffner-qaudrat-scaled.jpg\",\"datePublished\":\"2024-10-18T08:56:18+00:00\",\"dateModified\":\"2025-11-27T10:20:24+00:00\",\"breadcrumb\":{\"@id\":\"https:\\\/\\\/www.mahlwerk.ch\\\/produkt\\\/flaschenoeffner-aus-nussbaumholz\\\/#breadcrumb\"},\"inLanguage\":\"it-IT\",\"potentialAction\":[{\"@type\":\"ReadAction\",\"target\":[\"https:\\\/\\\/www.mahlwerk.ch\\\/produkt\\\/flaschenoeffner-aus-nussbaumholz\\\/\"]}]},{\"@type\":\"ImageObject\",\"inLanguage\":\"it-IT\",\"@id\":\"https:\\\/\\\/www.mahlwerk.ch\\\/produkt\\\/flaschenoeffner-aus-nussbaumholz\\\/#primaryimage\",\"url\":\"https:\\\/\\\/www.mahlwerk.ch\\\/webseite\\\/wp-content\\\/uploads\\\/2024\\\/10\\\/flaschen-oeffner-qaudrat-scaled.jpg\",\"contentUrl\":\"https:\\\/\\\/www.mahlwerk.ch\\\/webseite\\\/wp-content\\\/uploads\\\/2024\\\/10\\\/flaschen-oeffner-qaudrat-scaled.jpg\",\"width\":2560,\"height\":2560},{\"@type\":\"BreadcrumbList\",\"@id\":\"https:\\\/\\\/www.mahlwerk.ch\\\/produkt\\\/flaschenoeffner-aus-nussbaumholz\\\/#breadcrumb\",\"itemListElement\":[{\"@type\":\"ListItem\",\"position\":1,\"name\":\"Startseite\",\"item\":\"https:\\\/\\\/www.mahlwerk.ch\\\/keramikmahlwerk\\\/\"},{\"@type\":\"ListItem\",\"position\":2,\"name\":\"Shop\",\"item\":\"https:\\\/\\\/www.mahlwerk.ch\\\/shop\\\/\"},{\"@type\":\"ListItem\",\"position\":3,\"name\":\"Flaschen\u00f6ffner aus Nussbaumholz\"}]},{\"@type\":\"WebSite\",\"@id\":\"https:\\\/\\\/www.mahlwerk.ch\\\/#website\",\"url\":\"https:\\\/\\\/www.mahlwerk.ch\\\/\",\"name\":\"Keramikm\u00fchlen f\u00fcr Pfeffer und Gew\u00fcrze aus der Schweiz\",\"description\":\"Pfefferm\u00fchlen aus schweizer Massivholz\",\"alternateName\":\"Hochwertige Pfefferm\u00fchlen mit Keramikmahlwerk\",\"potentialAction\":[{\"@type\":\"SearchAction\",\"target\":{\"@type\":\"EntryPoint\",\"urlTemplate\":\"https:\\\/\\\/www.mahlwerk.ch\\\/?s={search_term_string}\"},\"query-input\":{\"@type\":\"PropertyValueSpecification\",\"valueRequired\":true,\"valueName\":\"search_term_string\"}}],\"inLanguage\":\"it-IT\"}]}<\/script>\n<!-- \/ Yoast SEO plugin. -->","yoast_head_json":{"title":"Flaschen\u00f6ffner aus Nussbaumholz - Keramikm\u00fchlen von Mahlwerk","robots":{"index":"index","follow":"follow","max-snippet":"max-snippet:-1","max-image-preview":"max-image-preview:large","max-video-preview":"max-video-preview:-1"},"canonical":"https:\/\/www.mahlwerk.ch\/it\/produkt\/flaschenoeffner-aus-nussbaumholz\/","og_locale":"it_IT","og_type":"article","og_title":"Flaschen\u00f6ffner aus Nussbaumholz - Keramikm\u00fchlen von Mahlwerk","og_description":"Flaschen\u00f6ffner aus echtem Schweizer Nussbaumholz \u2013 einzigartig in Design und Qualit\u00e4t. Die Massivholz besticht durch ihr schlichtes und zeitloses Design. Der Flaschen\u00f6ffner wird in einer Drechslerei im Berner Oberland aus regionalen H\u00f6lzern hergestellt. Durch die einzigartige Maserung wird jedes Produkt zum Unikat. Der \u00d6ffner ist aus Stahl. H\u00f6he: 15cm Wir liefern nur in die Schweiz.","og_url":"https:\/\/www.mahlwerk.ch\/it\/produkt\/flaschenoeffner-aus-nussbaumholz\/","og_site_name":"Keramikm\u00fchlen von Mahlwerk","article_modified_time":"2025-11-27T10:20:24+00:00","og_image":[{"width":1030,"height":1030,"url":"https:\/\/www.mahlwerk.ch\/webseite\/wp-content\/uploads\/2024\/10\/flaschen-oeffner-qaudrat-1030x1030.jpg","type":"image\/jpeg"}],"twitter_card":"summary_large_image","twitter_misc":{"Tempo di lettura stimato":"1 minuto"},"schema":{"@context":"https:\/\/schema.org","@graph":[{"@type":"WebPage","@id":"https:\/\/www.mahlwerk.ch\/produkt\/flaschenoeffner-aus-nussbaumholz\/","url":"https:\/\/www.mahlwerk.ch\/produkt\/flaschenoeffner-aus-nussbaumholz\/","name":"Flaschen\u00f6ffner aus Nussbaumholz - Keramikm\u00fchlen von Mahlwerk","isPartOf":{"@id":"https:\/\/www.mahlwerk.ch\/#website"},"primaryImageOfPage":{"@id":"https:\/\/www.mahlwerk.ch\/produkt\/flaschenoeffner-aus-nussbaumholz\/#primaryimage"},"image":{"@id":"https:\/\/www.mahlwerk.ch\/produkt\/flaschenoeffner-aus-nussbaumholz\/#primaryimage"},"thumbnailUrl":"https:\/\/www.mahlwerk.ch\/webseite\/wp-content\/uploads\/2024\/10\/flaschen-oeffner-qaudrat-scaled.jpg","datePublished":"2024-10-18T08:56:18+00:00","dateModified":"2025-11-27T10:20:24+00:00","breadcrumb":{"@id":"https:\/\/www.mahlwerk.ch\/produkt\/flaschenoeffner-aus-nussbaumholz\/#breadcrumb"},"inLanguage":"it-IT","potentialAction":[{"@type":"ReadAction","target":["https:\/\/www.mahlwerk.ch\/produkt\/flaschenoeffner-aus-nussbaumholz\/"]}]},{"@type":"ImageObject","inLanguage":"it-IT","@id":"https:\/\/www.mahlwerk.ch\/produkt\/flaschenoeffner-aus-nussbaumholz\/#primaryimage","url":"https:\/\/www.mahlwerk.ch\/webseite\/wp-content\/uploads\/2024\/10\/flaschen-oeffner-qaudrat-scaled.jpg","contentUrl":"https:\/\/www.mahlwerk.ch\/webseite\/wp-content\/uploads\/2024\/10\/flaschen-oeffner-qaudrat-scaled.jpg","width":2560,"height":2560},{"@type":"BreadcrumbList","@id":"https:\/\/www.mahlwerk.ch\/produkt\/flaschenoeffner-aus-nussbaumholz\/#breadcrumb","itemListElement":[{"@type":"ListItem","position":1,"name":"Startseite","item":"https:\/\/www.mahlwerk.ch\/keramikmahlwerk\/"},{"@type":"ListItem","position":2,"name":"Shop","item":"https:\/\/www.mahlwerk.ch\/shop\/"},{"@type":"ListItem","position":3,"name":"Flaschen\u00f6ffner aus Nussbaumholz"}]},{"@type":"WebSite","@id":"https:\/\/www.mahlwerk.ch\/#website","url":"https:\/\/www.mahlwerk.ch\/","name":"Keramikm\u00fchlen f\u00fcr Pfeffer und Gew\u00fcrze aus der Schweiz","description":"Pfefferm\u00fchlen aus schweizer Massivholz","alternateName":"Hochwertige Pfefferm\u00fchlen mit Keramikmahlwerk","potentialAction":[{"@type":"SearchAction","target":{"@type":"EntryPoint","urlTemplate":"https:\/\/www.mahlwerk.ch\/?s={search_term_string}"},"query-input":{"@type":"PropertyValueSpecification","valueRequired":true,"valueName":"search_term_string"}}],"inLanguage":"it-IT"}]}},"_links":{"self":[{"href":"https:\/\/www.mahlwerk.ch\/it\/wp-json\/wp\/v2\/product\/9243","targetHints":{"allow":["GET"]}}],"collection":[{"href":"https:\/\/www.mahlwerk.ch\/it\/wp-json\/wp\/v2\/product"}],"about":[{"href":"https:\/\/www.mahlwerk.ch\/it\/wp-json\/wp\/v2\/types\/product"}],"wp:featuredmedia":[{"embeddable":true,"href":"https:\/\/www.mahlwerk.ch\/it\/wp-json\/wp\/v2\/media\/9251"}],"wp:attachment":[{"href":"https:\/\/www.mahlwerk.ch\/it\/wp-json\/wp\/v2\/media?parent=9243"}],"wp:term":[{"taxonomy":"product_brand","embeddable":true,"href":"https:\/\/www.mahlwerk.ch\/it\/wp-json\/wp\/v2\/product_brand?post=9243"},{"taxonomy":"product_cat","embeddable":true,"href":"https:\/\/www.mahlwerk.ch\/it\/wp-json\/wp\/v2\/product_cat?post=9243"},{"taxonomy":"product_tag","embeddable":true,"href":"https:\/\/www.mahlwerk.ch\/it\/wp-json\/wp\/v2\/product_tag?post=9243"}],"curies":[{"name":"wp","href":"https:\/\/api.w.org\/{rel}","templated":true}]}}