{"id":9553,"date":"2025-11-05T11:00:52","date_gmt":"2025-11-05T10:00:52","guid":{"rendered":"https:\/\/www.mahlwerk.ch\/?post_type=product&#038;p=9553"},"modified":"2026-04-20T10:18:50","modified_gmt":"2026-04-20T08:18:50","slug":"muskatmuehle-aus-schweizer-nussbaumholz","status":"publish","type":"product","link":"https:\/\/www.mahlwerk.ch\/it\/produkt\/muskatmuehle-aus-schweizer-nussbaumholz\/","title":{"rendered":"Muskatm\u00fchle aus Schweizer Nussbaumholz"},"content":{"rendered":"<p>Diese einzigartige Muskatm\u00fchle vereint traditionelles Handwerk und moderne Nachhaltigkeit. Gedrechselt aus edlem Nussbaumholz aus der Schweiz, wird sie im Berner Oberland mit Solarstrom gefertigt \u2013 ein echtes St\u00fcck Schweizer Pr\u00e4zisionsarbeit.<\/p>\n<p>Das Herzst\u00fcck der M\u00fchle ist das langlebige <strong>Schweizer Mahlwerk von Rafz<\/strong>, das f\u00fcr m\u00fcheloses und gleichm\u00e4ssiges Mahlen sorgt. Der Zapfen, aus Birnbaumholz gefertigt, rundet das zeitlose Design ab und sorgt f\u00fcr eine angenehme Haptik.<\/p>\n<p>Ein nachhaltiges Produkt, das sowohl in der K\u00fcche als auch auf dem Tisch begeistert \u2013 ein echter Begleiter f\u00fcr Liebhaber von Design, Qualit\u00e4t und umweltbewusster Herstellung.<\/p>\n<p><strong>Consegniamo solo in Svizzera.<\/strong><\/p>","protected":false},"excerpt":{"rendered":"<p><strong>\u00a0<\/strong><\/p>\n<p><strong>\u00a0<\/strong><\/p>","protected":false},"featured_media":9633,"template":"","meta":[],"product_brand":[],"product_cat":[141],"product_tag":[],"class_list":{"0":"post-9553","1":"product","2":"type-product","3":"status-publish","4":"has-post-thumbnail","6":"product_cat-muskatmuehle","8":"first","9":"instock","10":"taxable","11":"shipping-taxable","12":"purchasable","13":"product-type-simple"},"yoast_head":"<!-- This site is optimized with the Yoast SEO plugin v27.6 - https:\/\/yoast.com\/product\/yoast-seo-wordpress\/ -->\n<title>Muskaktnuss M\u00fchle aus Nussbaumholz - Mahlwerk<\/title>\n<meta name=\"description\" content=\"Muskaktnuss M\u00fchle aus echtem Schweizer Nussbaumholz - einzigartig in Design und Qualit\u00e4t. Hergestellt in einer Drechslerei im Bernern Oberland.\" \/>\n<meta name=\"robots\" content=\"index, follow, max-snippet:-1, max-image-preview:large, max-video-preview:-1\" \/>\n<link rel=\"canonical\" href=\"https:\/\/www.mahlwerk.ch\/it\/produkt\/muskatmuehle-aus-schweizer-nussbaumholz\/\" \/>\n<meta property=\"og:locale\" content=\"it_IT\" \/>\n<meta property=\"og:type\" content=\"article\" \/>\n<meta property=\"og:title\" content=\"Muskaktnuss M\u00fchle aus Nussbaumholz - Mahlwerk\" \/>\n<meta property=\"og:description\" content=\"Muskaktnuss M\u00fchle aus echtem Schweizer Nussbaumholz - einzigartig in Design und Qualit\u00e4t. Hergestellt in einer Drechslerei im Bernern Oberland.\" \/>\n<meta property=\"og:url\" content=\"https:\/\/www.mahlwerk.ch\/it\/produkt\/muskatmuehle-aus-schweizer-nussbaumholz\/\" \/>\n<meta property=\"og:site_name\" content=\"Keramikm\u00fchlen von Mahlwerk\" \/>\n<meta property=\"article:modified_time\" content=\"2026-04-20T08:18:50+00:00\" \/>\n<meta property=\"og:image\" content=\"https:\/\/www.mahlwerk.ch\/webseite\/wp-content\/uploads\/2025\/11\/muskatnuss-muehle-nussbaumholz.jpg\" \/>\n\t<meta property=\"og:image:width\" content=\"1030\" \/>\n\t<meta property=\"og:image:height\" content=\"1030\" \/>\n\t<meta property=\"og:image:type\" content=\"image\/jpeg\" \/>\n<meta name=\"twitter:card\" content=\"summary_large_image\" \/>\n<meta name=\"twitter:label1\" content=\"Tempo di lettura stimato\" \/>\n\t<meta name=\"twitter:data1\" content=\"1 minuto\" \/>\n<script type=\"application\/ld+json\" class=\"yoast-schema-graph\">{\"@context\":\"https:\\\/\\\/schema.org\",\"@graph\":[{\"@type\":\"WebPage\",\"@id\":\"https:\\\/\\\/www.mahlwerk.ch\\\/produkt\\\/muskatmuehle-aus-schweizer-nussbaumholz\\\/\",\"url\":\"https:\\\/\\\/www.mahlwerk.ch\\\/produkt\\\/muskatmuehle-aus-schweizer-nussbaumholz\\\/\",\"name\":\"Muskaktnuss M\u00fchle aus Nussbaumholz - Mahlwerk\",\"isPartOf\":{\"@id\":\"https:\\\/\\\/www.mahlwerk.ch\\\/#website\"},\"primaryImageOfPage\":{\"@id\":\"https:\\\/\\\/www.mahlwerk.ch\\\/produkt\\\/muskatmuehle-aus-schweizer-nussbaumholz\\\/#primaryimage\"},\"image\":{\"@id\":\"https:\\\/\\\/www.mahlwerk.ch\\\/produkt\\\/muskatmuehle-aus-schweizer-nussbaumholz\\\/#primaryimage\"},\"thumbnailUrl\":\"https:\\\/\\\/www.mahlwerk.ch\\\/webseite\\\/wp-content\\\/uploads\\\/2025\\\/11\\\/muskatnuss-muehle-nussbaumholz.jpg\",\"datePublished\":\"2025-11-05T10:00:52+00:00\",\"dateModified\":\"2026-04-20T08:18:50+00:00\",\"description\":\"Muskaktnuss M\u00fchle aus echtem Schweizer Nussbaumholz - einzigartig in Design und Qualit\u00e4t. Hergestellt in einer Drechslerei im Bernern Oberland.\",\"breadcrumb\":{\"@id\":\"https:\\\/\\\/www.mahlwerk.ch\\\/produkt\\\/muskatmuehle-aus-schweizer-nussbaumholz\\\/#breadcrumb\"},\"inLanguage\":\"it-IT\",\"potentialAction\":[{\"@type\":\"ReadAction\",\"target\":[\"https:\\\/\\\/www.mahlwerk.ch\\\/produkt\\\/muskatmuehle-aus-schweizer-nussbaumholz\\\/\"]}]},{\"@type\":\"ImageObject\",\"inLanguage\":\"it-IT\",\"@id\":\"https:\\\/\\\/www.mahlwerk.ch\\\/produkt\\\/muskatmuehle-aus-schweizer-nussbaumholz\\\/#primaryimage\",\"url\":\"https:\\\/\\\/www.mahlwerk.ch\\\/webseite\\\/wp-content\\\/uploads\\\/2025\\\/11\\\/muskatnuss-muehle-nussbaumholz.jpg\",\"contentUrl\":\"https:\\\/\\\/www.mahlwerk.ch\\\/webseite\\\/wp-content\\\/uploads\\\/2025\\\/11\\\/muskatnuss-muehle-nussbaumholz.jpg\",\"width\":1030,\"height\":1030},{\"@type\":\"BreadcrumbList\",\"@id\":\"https:\\\/\\\/www.mahlwerk.ch\\\/produkt\\\/muskatmuehle-aus-schweizer-nussbaumholz\\\/#breadcrumb\",\"itemListElement\":[{\"@type\":\"ListItem\",\"position\":1,\"name\":\"Startseite\",\"item\":\"https:\\\/\\\/www.mahlwerk.ch\\\/keramikmahlwerk\\\/\"},{\"@type\":\"ListItem\",\"position\":2,\"name\":\"Shop\",\"item\":\"https:\\\/\\\/www.mahlwerk.ch\\\/shop\\\/\"},{\"@type\":\"ListItem\",\"position\":3,\"name\":\"Muskatm\u00fchle aus Schweizer Nussbaumholz\"}]},{\"@type\":\"WebSite\",\"@id\":\"https:\\\/\\\/www.mahlwerk.ch\\\/#website\",\"url\":\"https:\\\/\\\/www.mahlwerk.ch\\\/\",\"name\":\"Keramikm\u00fchlen f\u00fcr Pfeffer und Gew\u00fcrze aus der Schweiz\",\"description\":\"Pfefferm\u00fchlen aus schweizer Massivholz\",\"alternateName\":\"Hochwertige Pfefferm\u00fchlen mit Keramikmahlwerk\",\"potentialAction\":[{\"@type\":\"SearchAction\",\"target\":{\"@type\":\"EntryPoint\",\"urlTemplate\":\"https:\\\/\\\/www.mahlwerk.ch\\\/?s={search_term_string}\"},\"query-input\":{\"@type\":\"PropertyValueSpecification\",\"valueRequired\":true,\"valueName\":\"search_term_string\"}}],\"inLanguage\":\"it-IT\"}]}<\/script>\n<!-- \/ Yoast SEO plugin. -->","yoast_head_json":{"title":"Muskaktnuss M\u00fchle aus Nussbaumholz - Mahlwerk","description":"Muskaktnuss M\u00fchle aus echtem Schweizer Nussbaumholz - einzigartig in Design und Qualit\u00e4t. Hergestellt in einer Drechslerei im Bernern Oberland.","robots":{"index":"index","follow":"follow","max-snippet":"max-snippet:-1","max-image-preview":"max-image-preview:large","max-video-preview":"max-video-preview:-1"},"canonical":"https:\/\/www.mahlwerk.ch\/it\/produkt\/muskatmuehle-aus-schweizer-nussbaumholz\/","og_locale":"it_IT","og_type":"article","og_title":"Muskaktnuss M\u00fchle aus Nussbaumholz - Mahlwerk","og_description":"Muskaktnuss M\u00fchle aus echtem Schweizer Nussbaumholz - einzigartig in Design und Qualit\u00e4t. Hergestellt in einer Drechslerei im Bernern Oberland.","og_url":"https:\/\/www.mahlwerk.ch\/it\/produkt\/muskatmuehle-aus-schweizer-nussbaumholz\/","og_site_name":"Keramikm\u00fchlen von Mahlwerk","article_modified_time":"2026-04-20T08:18:50+00:00","og_image":[{"width":1030,"height":1030,"url":"https:\/\/www.mahlwerk.ch\/webseite\/wp-content\/uploads\/2025\/11\/muskatnuss-muehle-nussbaumholz.jpg","type":"image\/jpeg"}],"twitter_card":"summary_large_image","twitter_misc":{"Tempo di lettura stimato":"1 minuto"},"schema":{"@context":"https:\/\/schema.org","@graph":[{"@type":"WebPage","@id":"https:\/\/www.mahlwerk.ch\/produkt\/muskatmuehle-aus-schweizer-nussbaumholz\/","url":"https:\/\/www.mahlwerk.ch\/produkt\/muskatmuehle-aus-schweizer-nussbaumholz\/","name":"Muskaktnuss M\u00fchle aus Nussbaumholz - Mahlwerk","isPartOf":{"@id":"https:\/\/www.mahlwerk.ch\/#website"},"primaryImageOfPage":{"@id":"https:\/\/www.mahlwerk.ch\/produkt\/muskatmuehle-aus-schweizer-nussbaumholz\/#primaryimage"},"image":{"@id":"https:\/\/www.mahlwerk.ch\/produkt\/muskatmuehle-aus-schweizer-nussbaumholz\/#primaryimage"},"thumbnailUrl":"https:\/\/www.mahlwerk.ch\/webseite\/wp-content\/uploads\/2025\/11\/muskatnuss-muehle-nussbaumholz.jpg","datePublished":"2025-11-05T10:00:52+00:00","dateModified":"2026-04-20T08:18:50+00:00","description":"Muskaktnuss M\u00fchle aus echtem Schweizer Nussbaumholz - einzigartig in Design und Qualit\u00e4t. Hergestellt in einer Drechslerei im Bernern Oberland.","breadcrumb":{"@id":"https:\/\/www.mahlwerk.ch\/produkt\/muskatmuehle-aus-schweizer-nussbaumholz\/#breadcrumb"},"inLanguage":"it-IT","potentialAction":[{"@type":"ReadAction","target":["https:\/\/www.mahlwerk.ch\/produkt\/muskatmuehle-aus-schweizer-nussbaumholz\/"]}]},{"@type":"ImageObject","inLanguage":"it-IT","@id":"https:\/\/www.mahlwerk.ch\/produkt\/muskatmuehle-aus-schweizer-nussbaumholz\/#primaryimage","url":"https:\/\/www.mahlwerk.ch\/webseite\/wp-content\/uploads\/2025\/11\/muskatnuss-muehle-nussbaumholz.jpg","contentUrl":"https:\/\/www.mahlwerk.ch\/webseite\/wp-content\/uploads\/2025\/11\/muskatnuss-muehle-nussbaumholz.jpg","width":1030,"height":1030},{"@type":"BreadcrumbList","@id":"https:\/\/www.mahlwerk.ch\/produkt\/muskatmuehle-aus-schweizer-nussbaumholz\/#breadcrumb","itemListElement":[{"@type":"ListItem","position":1,"name":"Startseite","item":"https:\/\/www.mahlwerk.ch\/keramikmahlwerk\/"},{"@type":"ListItem","position":2,"name":"Shop","item":"https:\/\/www.mahlwerk.ch\/shop\/"},{"@type":"ListItem","position":3,"name":"Muskatm\u00fchle aus Schweizer Nussbaumholz"}]},{"@type":"WebSite","@id":"https:\/\/www.mahlwerk.ch\/#website","url":"https:\/\/www.mahlwerk.ch\/","name":"Keramikm\u00fchlen f\u00fcr Pfeffer und Gew\u00fcrze aus der Schweiz","description":"Pfefferm\u00fchlen aus schweizer Massivholz","alternateName":"Hochwertige Pfefferm\u00fchlen mit Keramikmahlwerk","potentialAction":[{"@type":"SearchAction","target":{"@type":"EntryPoint","urlTemplate":"https:\/\/www.mahlwerk.ch\/?s={search_term_string}"},"query-input":{"@type":"PropertyValueSpecification","valueRequired":true,"valueName":"search_term_string"}}],"inLanguage":"it-IT"}]}},"_links":{"self":[{"href":"https:\/\/www.mahlwerk.ch\/it\/wp-json\/wp\/v2\/product\/9553","targetHints":{"allow":["GET"]}}],"collection":[{"href":"https:\/\/www.mahlwerk.ch\/it\/wp-json\/wp\/v2\/product"}],"about":[{"href":"https:\/\/www.mahlwerk.ch\/it\/wp-json\/wp\/v2\/types\/product"}],"wp:featuredmedia":[{"embeddable":true,"href":"https:\/\/www.mahlwerk.ch\/it\/wp-json\/wp\/v2\/media\/9633"}],"wp:attachment":[{"href":"https:\/\/www.mahlwerk.ch\/it\/wp-json\/wp\/v2\/media?parent=9553"}],"wp:term":[{"taxonomy":"product_brand","embeddable":true,"href":"https:\/\/www.mahlwerk.ch\/it\/wp-json\/wp\/v2\/product_brand?post=9553"},{"taxonomy":"product_cat","embeddable":true,"href":"https:\/\/www.mahlwerk.ch\/it\/wp-json\/wp\/v2\/product_cat?post=9553"},{"taxonomy":"product_tag","embeddable":true,"href":"https:\/\/www.mahlwerk.ch\/it\/wp-json\/wp\/v2\/product_tag?post=9553"}],"curies":[{"name":"wp","href":"https:\/\/api.w.org\/{rel}","templated":true}]}}